{"id":7,"date":"2016-02-10T13:11:11","date_gmt":"2016-02-10T13:11:11","guid":{"rendered":"http:\/\/bridge4.qodeinteractive.com\/?page_id=7"},"modified":"2026-01-14T07:37:54","modified_gmt":"2026-01-14T07:37:54","slug":"home","status":"publish","type":"page","link":"https:\/\/picnicelsavets.com\/es\/","title":{"rendered":"Inicio"},"content":{"rendered":"<div class=\"wpb-content-wrapper\"><div class=\"vc_row wpb_row section vc_row-fluid\" style=' text-align:left;'><div class=\"full_section_inner clearfix\"><div class=\"wpb_column vc_column_container vc_col-sm-12\"><div class=\"vc_column-inner\"><div class=\"wpb_wrapper\"><div class=\"q_image_with_text_over one_third q_iwto_hover\"><div class=\"shader\" style = \"background-color: rgba(10,10,10,0.2)\"><\/div><div class=\"shader_hover\" style=\"background-color: rgba(0,0,0,0.65)\"><\/div><img decoding=\"async\" itemprop=\"image\" src=\"https:\/\/picnicelsavets.com\/wp-content\/uploads\/2016\/02\/jocs.jpg\" alt=\"Zona l\u00fadica\" \/><div class=\"text\"><table><tr><td><h2 class=\"caption no_icon\" style=\"color: #ffffff;\">Zona de juegos<\/h2><\/td><\/tr><\/table><table><tr><td><div class=\"desc\">\u00a1P\u00e1senselo en grande! Campo de f\u00fatbol y voley, parque de juegos cerrado por los m\u00e1s peque\u00f1os<\/p>\n<p><a  itemprop=\"url\" href=\"\/es\/galeria\/\" target=\"_self\"  class=\"qbutton  small center white default\" style=\"font-style: normal; \">+INFO<\/a><\/div><\/td><\/tr><\/table><\/div><\/div><div class=\"q_image_with_text_over one_third q_iwto_hover\"><div class=\"shader\" style = \"background-color: rgba(10,10,10,0.2)\"><\/div><div class=\"shader_hover\" style=\"background-color: rgba(0,0,0,0.65)\"><\/div><img decoding=\"async\" itemprop=\"image\" src=\"https:\/\/picnicelsavets.com\/wp-content\/uploads\/2016\/02\/IMG_1-1.jpg\" alt=\"P\u00edcnic i men\u00fa picnic\" \/><div class=\"text\"><table><tr><td><h2 class=\"caption no_icon\" style=\"color: #ffffff;\">Picnic y men\u00fa picnic<\/h2><\/td><\/tr><\/table><table><tr><td><div class=\"desc\">Disponemos de barbacoas para poder disfrutar de la carne hecha por usted mismo. Si no quieres cocinar, nosotros lo hacemos por ti y \u00a1te ofrecemos el catering en la zona del picnic!<\/p>\n<p><a  itemprop=\"url\" href=\"\/es\/que-oferim\/\" target=\"_self\"  class=\"qbutton  small center white default\" style=\"font-style: normal; \">+INFO<\/a><\/div><\/td><\/tr><\/table><\/div><\/div><div class=\"q_image_with_text_over one_third q_iwto_hover\"><div class=\"shader\" style = \"background-color: rgba(10,10,10,0.11)\"><\/div><div class=\"shader_hover\" style=\"background-color: rgba(0,0,0,0.65)\"><\/div><img decoding=\"async\" itemprop=\"image\" src=\"https:\/\/picnicelsavets.com\/wp-content\/uploads\/2016\/02\/restaurant.jpg\" alt=\"Restaurant\" \/><div class=\"text\"><table><tr><td><h2 class=\"caption no_icon\" style=\"color: #ffffff;\">Restaurant<\/h2><\/td><\/tr><\/table><table><tr><td><div class=\"desc\">Si quieres disfrutar de la naturaleza a cubierto y con m\u00e1s privilegios, tenemos nuestro restaurante especializado en sartenes y carnes a la brasa. Tambi\u00e9n tenemos men\u00fas por grupos!<\/p>\n<p><a  itemprop=\"url\" href=\"\/es\/que-oferim\/\" target=\"_self\"  class=\"qbutton  small center white default\" style=\"font-style: normal; \">+INFO<\/a><\/div><\/td><\/tr><\/table><\/div><\/div><\/div><\/div><\/div><\/div><\/div><div      class=\"vc_row wpb_row section vc_row-fluid  vc_custom_1496871583845 grid_section\" style=' padding-top:141px; text-align:center;'><div class=\"section_inner clearfix\"><div class='section_inner_margin clearfix'><div class=\"wpb_column vc_column_container vc_col-sm-4 vc_col-lg-offset-0 vc_col-lg-3 vc_col-md-offset-2 vc_col-md-4 vc_col-sm-offset-0\"><div class=\"vc_column-inner\"><div class=\"wpb_wrapper\"><div class=\"separator  transparent\" style=\"margin-top: 7px;margin-bottom: 0px;\"><\/div>\n\n\t<div class=\"wpb_single_image wpb_content_element vc_align_center\">\n\t\t<div class=\"wpb_wrapper\">\n\t\t\t\n\t\t\t<div class=\"vc_single_image-wrapper   vc_box_border_grey\"><img loading=\"lazy\" decoding=\"async\" width=\"306\" height=\"428\" src=\"https:\/\/picnicelsavets.com\/wp-content\/uploads\/2016\/02\/butis.jpg\" class=\"vc_single_image-img attachment-full\" alt=\"\" title=\"butis\" srcset=\"https:\/\/picnicelsavets.com\/wp-content\/uploads\/2016\/02\/butis.jpg 306w, https:\/\/picnicelsavets.com\/wp-content\/uploads\/2016\/02\/butis-214x300.jpg 214w\" sizes=\"auto, (max-width: 306px) 100vw, 306px\" \/><\/div>\n\t\t<\/div>\n\t<\/div>\n<div class=\"separator  transparent\" style=\"margin-top: 50px;margin-bottom: 0px;\"><\/div>\n<\/div><\/div><\/div><div class=\"wpb_column vc_column_container vc_col-sm-4 vc_col-lg-offset-0 vc_col-lg-6 vc_col-md-offset-2 vc_col-md-8 vc_col-sm-offset-0\"><div class=\"vc_column-inner\"><div class=\"wpb_wrapper\">\n\t<div class=\"wpb_text_column wpb_content_element\">\n\t\t<div class=\"wpb_wrapper\">\n\t\t\t<h2>ELS AVETS<\/h2>\n\n\t\t<\/div> \n\t<\/div> <div class=\"separator  small center\" style=\"\"><\/div>\n\n\t<div class=\"wpb_text_column wpb_content_element\">\n\t\t<div class=\"wpb_wrapper\">\n\t\t\t<h4 style=\"text-align: center;\">El espacio adecuado para rodearte de los tuyos disfrutando de la naturaleza.<\/h4>\n\n\t\t<\/div> \n\t<\/div> <div class=\"separator  transparent\" style=\"margin-top: 21px;margin-bottom: 0px;\"><\/div>\n\n\t<div class=\"wpb_text_column wpb_content_element\">\n\t\t<div class=\"wpb_wrapper\">\n\t\t\t<p style=\"text-align: center;\">Els Avets dispone de tablas de <strong>picnic y barbacoas<\/strong> a la sombra de un gran bosque de abetos. Si te gusta ser el rey o reina de la barbacoa, ven con tu familia o amigos que \u00e9ste es tu sitio!<\/p>\n<p>&nbsp;<\/p>\n<p style=\"text-align: center;\">Si prefieres disfrutar del entorno pero sin cocinar, disponemos de <strong>catering<\/strong> cocinado por nosotros mismos en el momento, que podr\u00e1s disfrutar en medio de nuestro bosque de abetos.<\/p>\n<p>&nbsp;<\/p>\n<p>Y para los que les encanta el entorno pero no descartan las comodidades, disponemos de <strong>restaurante<\/strong> con cubierto y una exquisita carta en la que destacamos la carne a la brasa y la sart\u00e9n como especialidades de la casa.<\/p>\n<p>&nbsp;<\/p>\n<p>Para cualquiera de las 3 opciones, hay servicio de bar, aseos y libre disponibilidad de la zona de juegos.<\/p>\n\n\t\t<\/div> \n\t<\/div> <div class=\"separator  transparent\" style=\"margin-top: 42px;margin-bottom: 0px;\"><\/div>\n<a  itemprop=\"url\" href=\"\/es\/els-avets\/\" target=\"_self\"  class=\"qbutton  enlarge\" style=\"\">SABER M\u00c1S<\/a><div class=\"separator  transparent\" style=\"margin-top: 10px;margin-bottom: 0px;\"><\/div>\n<\/div><\/div><\/div><div class=\"wpb_column vc_column_container vc_col-sm-4 vc_col-lg-offset-0 vc_col-lg-3 vc_col-md-offset-0 vc_col-md-4 vc_col-sm-offset-0\"><div class=\"vc_column-inner\"><div class=\"wpb_wrapper\"><div class=\"separator  transparent\" style=\"margin-top: 7px;margin-bottom: 0px;\"><\/div>\n\n\t<div class=\"wpb_single_image wpb_content_element vc_align_center\">\n\t\t<div class=\"wpb_wrapper\">\n\t\t\t\n\t\t\t<div class=\"vc_single_image-wrapper   vc_box_border_grey\"><img loading=\"lazy\" decoding=\"async\" width=\"306\" height=\"428\" src=\"https:\/\/picnicelsavets.com\/wp-content\/uploads\/2016\/02\/ludica.jpg\" class=\"vc_single_image-img attachment-full\" alt=\"\" title=\"l\u00fadica\" srcset=\"https:\/\/picnicelsavets.com\/wp-content\/uploads\/2016\/02\/ludica.jpg 306w, https:\/\/picnicelsavets.com\/wp-content\/uploads\/2016\/02\/ludica-214x300.jpg 214w\" sizes=\"auto, (max-width: 306px) 100vw, 306px\" \/><\/div>\n\t\t<\/div>\n\t<\/div>\n<div class=\"separator  transparent\" style=\"margin-top: 50px;margin-bottom: 0px;\"><\/div>\n<\/div><\/div><\/div><\/div><\/div><\/div><section      data-speed=\"1\" class=\"parallax_section_holder\" style = \" height:px; background-image:url('https:\/\/picnicelsavets.com\/wp-content\/uploads\/2016\/02\/parallax2.jpg');\"><div class=\"parallax_content left\"><div class='parallax_section_inner_margin clearfix'><div class=\"wpb_column vc_column_container vc_col-sm-12 vc_col-lg-offset-0 vc_col-sm-offset-0\"><div class=\"vc_column-inner\"><div class=\"wpb_wrapper\"><div class=\"separator  transparent\" style=\"margin-top: 93px;margin-bottom: 0px;\"><\/div>\n<div      class=\"vc_row wpb_row section vc_row-fluid vc_inner\" style=' text-align:left;'><div class=\"full_section_inner clearfix\"><div class=\"wpb_column vc_column_container vc_col-sm-12 vc_col-lg-offset-0 vc_col-lg-6 vc_col-md-6\"><div class=\"vc_column-inner\"><div class=\"wpb_wrapper\"><div class=\"separator  transparent\" style=\"margin-top: 20px;margin-bottom: 0px;\"><\/div>\n\n\t<div class=\"wpb_single_image wpb_content_element vc_align_center  vc_custom_1548705149045\">\n\t\t<div class=\"wpb_wrapper\">\n\t\t\t\n\t\t\t<div class=\"vc_single_image-wrapper   vc_box_border_grey\"><img loading=\"lazy\" decoding=\"async\" width=\"541\" height=\"466\" src=\"https:\/\/picnicelsavets.com\/wp-content\/uploads\/2016\/02\/calcots.jpg\" class=\"vc_single_image-img attachment-full\" alt=\"\" title=\"calcotes\" srcset=\"https:\/\/picnicelsavets.com\/wp-content\/uploads\/2016\/02\/calcots.jpg 541w, https:\/\/picnicelsavets.com\/wp-content\/uploads\/2016\/02\/calcots-300x258.jpg 300w\" sizes=\"auto, (max-width: 541px) 100vw, 541px\" \/><\/div>\n\t\t<\/div>\n\t<\/div>\n<div class=\"separator  transparent\" style=\"margin-top: 20px;margin-bottom: 0px;\"><\/div>\n<\/div><\/div><\/div><div class=\"wpb_column vc_column_container vc_col-sm-12 vc_col-lg-offset-0 vc_col-lg-6 vc_col-md-6\"><div class=\"vc_column-inner vc_custom_1548706317849\"><div class=\"wpb_wrapper\"><div class=\"separator  transparent\" style=\"margin-top: 68px;margin-bottom: 0px;\"><\/div>\n\n\t<div class=\"wpb_text_column wpb_content_element\">\n\t\t<div class=\"wpb_wrapper\">\n\t\t\t<h2><span style=\"color: #ffffff;\">Inauguramos la temporada 2026<\/span><\/h2>\n<div id=\"gtx-trans\" style=\"position: absolute; left: -1px; top: 52.4141px;\">\n<div class=\"gtx-trans-icon\"><\/div>\n<\/div>\n\n\t\t<\/div> \n\t<\/div> <div class=\"separator  small left\" style=\"background-color: #ffffff;\"><\/div>\n\n\t<div class=\"wpb_text_column wpb_content_element\">\n\t\t<div class=\"wpb_wrapper\">\n\t\t\t<h4><span style=\"color: #ffffff;\">Ya es \u00e9poca de cal\u00e7ots y lo tenemos todo listo<\/span><\/h4>\n\n\t\t<\/div> \n\t<\/div> <div class=\"separator  transparent\" style=\"margin-top: 36px;margin-bottom: 0px;\"><\/div>\n\n\t<div class=\"wpb_text_column wpb_content_element\">\n\t\t<div class=\"wpb_wrapper\">\n\t\t\t<h3><span style=\"color: #ffffff;\">Ya hemos empezado la temporada, \u00bfte lo vas a perder?<\/span><\/h3>\n\n\t\t<\/div> \n\t<\/div> <div class=\"separator  transparent\" style=\"margin-top: 20px;margin-bottom: 10px;\"><\/div>\n\n\t<div class=\"wpb_text_column wpb_content_element\">\n\t\t<div class=\"wpb_wrapper\">\n\t\t\t<h4><span style=\"color: #ffffff;\">\u00a1No tardes y reserva tu mesa ahora!<strong><br \/>\n<\/strong><\/span><\/h4>\n\n\t\t<\/div> \n\t<\/div> <div class=\"separator  transparent\" style=\"margin-top: 40px;margin-bottom: 0px;\"><\/div>\n\n\t<div class=\"wpb_text_column wpb_content_element  whatsapp-temporada\">\n\t\t<div class=\"wpb_wrapper\">\n\t\t\t<pre><div class=\"ccw_plugin mdstyle8 sc_item\" style=\"  \" ><a style=\"background-color: #26a69a;\" target=\"_blank\" rel=\"noreferrer\" href=\"https:\/\/web.whatsapp.com\/send?phone=34660111811&text=\" class=\"btn ccw-analytics\" data-ccw=\"style-8-sc\"  onmouseover= \" this.style.backgroundColor= '#26a69a', this.childNodes[1].style.color= '#fff', this.childNodes[2].style.color= '#fff' ;  \"  onmouseout= \" this.style.backgroundColor= '#26a69a', this.childNodes[1].style.color= '#fff', this.childNodes[2].style.color= '#fff' ;  \"  >   <i class=\"material-icons right icon icon-whatsapp2 ccw-s8-icon-sc ccw-analytics\" data-ccw=\"style-8\" style=\"color: #fff;\" ><\/i><span style=\"color: #fff;\" class=\"ccw-s8-span-sc ccw-analytics\" data-ccw=\"style-8-sc\" id=\"ccw-s8-icon-sc\" >Reserva por WhatsApp<\/span><\/a><\/div><\/pre>\n<div id=\"gtx-trans\" style=\"position: absolute; left: 534px; top: 39px;\">\n<div class=\"gtx-trans-icon\"><\/div>\n<\/div>\n\n\t\t<\/div> \n\t<\/div> <div class=\"separator  transparent\" style=\"margin-top: 20px;margin-bottom: 0px;\"><\/div>\n<\/div><\/div><\/div><\/div><\/div><div class=\"separator  transparent\" style=\"margin-top: 73px;margin-bottom: 0px;\"><\/div>\n<\/div><\/div><\/div><\/div><\/div><\/section>\n<\/div>","protected":false},"excerpt":{"rendered":"Zona l\u00fadicaPasseu-vos-ho d'all\u00f2 m\u00e9s b\u00e9! Camp de f\u00fatbol i voley, parc de jocs tancat pels m\u00e9s petits +INFOP\u00edcnic i men\u00fa picnicDisposem de barbacoes per a poder gaudir de la carn feta per vosaltres mateixos. Si no vols cuinar, nosaltres ho fem per tu i t'oferim\u00a0el...","protected":false},"author":1,"featured_media":0,"parent":0,"menu_order":0,"comment_status":"closed","ping_status":"closed","template":"full_width.php","meta":{"footnotes":""},"class_list":["post-7","page","type-page","status-publish","hentry"],"_links":{"self":[{"href":"https:\/\/picnicelsavets.com\/es\/wp-json\/wp\/v2\/pages\/7","targetHints":{"allow":["GET"]}}],"collection":[{"href":"https:\/\/picnicelsavets.com\/es\/wp-json\/wp\/v2\/pages"}],"about":[{"href":"https:\/\/picnicelsavets.com\/es\/wp-json\/wp\/v2\/types\/page"}],"author":[{"embeddable":true,"href":"https:\/\/picnicelsavets.com\/es\/wp-json\/wp\/v2\/users\/1"}],"replies":[{"embeddable":true,"href":"https:\/\/picnicelsavets.com\/es\/wp-json\/wp\/v2\/comments?post=7"}],"version-history":[{"count":91,"href":"https:\/\/picnicelsavets.com\/es\/wp-json\/wp\/v2\/pages\/7\/revisions"}],"predecessor-version":[{"id":1317,"href":"https:\/\/picnicelsavets.com\/es\/wp-json\/wp\/v2\/pages\/7\/revisions\/1317"}],"wp:attachment":[{"href":"https:\/\/picnicelsavets.com\/es\/wp-json\/wp\/v2\/media?parent=7"}],"curies":[{"name":"wp","href":"https:\/\/api.w.org\/{rel}","templated":true}]}}