{"id":555,"date":"2017-08-01T19:54:41","date_gmt":"2017-08-01T19:54:41","guid":{"rendered":"http:\/\/picnicelsavets.com\/?page_id=555"},"modified":"2017-08-01T21:32:50","modified_gmt":"2017-08-01T21:32:50","slug":"experiencia360","status":"publish","type":"page","link":"https:\/\/picnicelsavets.com\/es\/experiencia360\/","title":{"rendered":"\u00a1Vive la experiencia en 360!"},"content":{"rendered":"<div class=\"wpb-content-wrapper\"><div class=\"vc_row wpb_row section vc_row-fluid\" style=' text-align:left;'><div class=\"full_section_inner clearfix\"><div class=\"wpb_column vc_column_container vc_col-sm-12\"><div class=\"vc_column-inner\"><div class=\"wpb_wrapper\">\n\t<div class=\"wpb_text_column wpb_content_element\">\n\t\t<div class=\"wpb_wrapper\">\n\t\t\t<h3>Visita el Picnic Els Avets antes de venir, te encantar\u00e1!<\/h3>\n<p>Hemos incorporado el espacio de realidad virtual en nuestra web para que puedas saber c\u00f3mo es el Picnic sin salir de casa. \u00a1Elige la mejor zona donde estar dependiendo de las actividades que quieras hacer o de las personas que seas!<\/p>\n<p><em>Sistema VR compatible con todas las gafas de realidad virtual.<\/em><\/p>\n\n\t\t<\/div> \n\t<\/div> <div class=\"separator  transparent\" style=\"margin-top: 25px;margin-bottom: 25px;\"><\/div>\n<\/div><\/div><\/div><\/div><\/div><div      class=\"vc_row wpb_row section vc_row-fluid  grid_section\" style=' text-align:center;'><div class=\"section_inner clearfix\"><div class='section_inner_margin clearfix'><div class=\"wpb_column vc_column_container vc_col-sm-6\"><div class=\"vc_column-inner\"><div class=\"wpb_wrapper\"><div class=\"separator  transparent\" style=\"margin-top: 25px;margin-bottom: 25px;\"><\/div>\n\n\t<div class=\"wpb_text_column wpb_content_element\">\n\t\t<div class=\"wpb_wrapper\">\n\t\t\t<h4>Campo de f\u00fatbol<\/h4>\n\n\t\t<\/div> \n\t<\/div> <div id=\"foto_1\" class=\"psvupwraper\" style=\"\"><\/div><p id=\"up_ps_cord\"><\/p><div id=\"psvuperror\"><\/div><script type=\"text\/javascript\">\n    jQuery(document).ready(function ($) {\n\t\t\"use strict\";     \n\nif(!window.WebGLRenderingContext) {\n    \/\/ the browser doesn't even know what WebGL is\n\t$(\"#psvuperror\").html(\"Your Browser Does Not Support WebGL\");\n    \n}\n\t\telse {\n     var foto_1 = new PhotoSphereViewer({\n    panorama: 'https:\/\/picnicelsavets.com\/wp-content\/uploads\/2017\/08\/Picnic-Els-Avets-360-VR-2.jpg',\n    container: 'foto_1',\n    caption: 'Camp de futbol',\n    loading_img: 'https:\/\/picnicelsavets.com\/wp-content\/plugins\/photo-sphere-vc\/assets\/photosphere-logo.png',\n    navbar: 'autorotate caption markers',\n    default_fov: 70,\n\tanim_speed: '1rpm',\n    mousewheel: false,\n\ttime_anim: false,\n\t\n    size: {\n      height: 350\n    },\n\tlang: {\n    autorotate: 'Automatic rotation',\n    zoom: 'Zoom',\n    zoomOut: 'Zoom out',\n    zoomIn: 'Zoom in',\n    download: 'Download',\n    fullscreen: 'Fullscreen',\n    markers: 'Markers',\n    gyroscope: 'Gyroscope'\n},\n\tmarkers: [\n\t{\n      id: 'marcador1',\n      longitude: 2.8525305509976557,\n      latitude: -0.015003818778587252,\n      image: 'https:\/\/picnicelsavets.com\/wp-content\/plugins\/photo-sphere-vc\/assets\/pindark_marker.png',\n      width: 32,\n      height: 32,\n      anchor: 'bottom center',\n      tooltip: 'Camp de voleibol',\n      \n    },\n\n\t ]\n\t});\n\t\n\t\tfoto_1.on('click', function(e) {\n\t\t\n  foto_1.addMarker({\n    id: '#' + Math.random(),\n    longitude: e.longitude,\n    latitude: e.latitude,\n    image: 'https:\/\/picnicelsavets.com\/wp-content\/plugins\/photo-sphere-vc\/assets\/pindark_marker.png',\n    width: 32,\n    height: 32,    \n  }); \n    var x = e.longitude;\n    var y = e.latitude;\n    var coords = \"Longitude: \" + x + \", Latitude: \" + y;\n    document.getElementById(\"up_ps_cord\").innerHTML = coords;\n});\n\t\t}\n });\n<\/script>\n<\/div><\/div><\/div><div class=\"wpb_column vc_column_container vc_col-sm-6\"><div class=\"vc_column-inner\"><div class=\"wpb_wrapper\"><div class=\"separator  transparent\" style=\"margin-top: 25px;margin-bottom: 25px;\"><\/div>\n\n\t<div class=\"wpb_text_column wpb_content_element\">\n\t\t<div class=\"wpb_wrapper\">\n\t\t\t<h4>Campo de voleibol<\/h4>\n\n\t\t<\/div> \n\t<\/div> <div id=\"foto_2\" class=\"psvupwraper\" style=\"\"><\/div><p id=\"up_ps_cord\"><\/p><div id=\"psvuperror\"><\/div><script type=\"text\/javascript\">\n    jQuery(document).ready(function ($) {\n\t\t\"use strict\";     \n\nif(!window.WebGLRenderingContext) {\n    \/\/ the browser doesn't even know what WebGL is\n\t$(\"#psvuperror\").html(\"Your Browser Does Not Support WebGL\");\n    \n}\n\t\telse {\n     var foto_2 = new PhotoSphereViewer({\n    panorama: 'https:\/\/picnicelsavets.com\/wp-content\/uploads\/2017\/08\/Picnic-Els-Avets-360-VR-3.jpg',\n    container: 'foto_2',\n    caption: 'Camp de voleibol',\n    loading_img: 'https:\/\/picnicelsavets.com\/wp-content\/plugins\/photo-sphere-vc\/assets\/photosphere-logo.png',\n    navbar: 'autorotate caption markers',\n    default_fov: 70,\n\tanim_speed: '1rpm',\n    mousewheel: false,\n\ttime_anim: false,\n\t\n    size: {\n      height: 350\n    },\n\tlang: {\n    autorotate: 'Automatic rotation',\n    zoom: 'Zoom',\n    zoomOut: 'Zoom out',\n    zoomIn: 'Zoom in',\n    download: 'Download',\n    fullscreen: 'Fullscreen',\n    markers: 'Markers',\n    gyroscope: 'Gyroscope'\n},\n\tmarkers: [\n\t{\n      id: 'marcador2',\n      longitude: 3.421815443898397,\n      latitude: -0.026657759685073223,\n      image: 'https:\/\/picnicelsavets.com\/wp-content\/plugins\/photo-sphere-vc\/assets\/pindark_marker.png',\n      width: 32,\n      height: 32,\n      anchor: 'bottom center',\n      tooltip: 'Camp de futbol',\n      \n    },\n{\n      id: 'marcador3',\n      longitude: 0.5977134295368521,\n      latitude: 0.014914326562130986,\n      image: 'https:\/\/picnicelsavets.com\/wp-content\/plugins\/photo-sphere-vc\/assets\/pindark_marker.png',\n      width: 32,\n      height: 32,\n      anchor: 'bottom center',\n      tooltip: 'Zona de gronxadors',\n      \n    },\n\n\t ]\n\t});\n\t\n\t\tfoto_2.on('click', function(e) {\n\t\t\n  foto_2.addMarker({\n    id: '#' + Math.random(),\n    longitude: e.longitude,\n    latitude: e.latitude,\n    image: 'https:\/\/picnicelsavets.com\/wp-content\/plugins\/photo-sphere-vc\/assets\/pindark_marker.png',\n    width: 32,\n    height: 32,    \n  }); \n    var x = e.longitude;\n    var y = e.latitude;\n    var coords = \"Longitude: \" + x + \", Latitude: \" + y;\n    document.getElementById(\"up_ps_cord\").innerHTML = coords;\n});\n\t\t}\n });\n<\/script>\n<\/div><\/div><\/div><\/div><\/div><\/div><div      class=\"vc_row wpb_row section vc_row-fluid  grid_section\" style=' text-align:center;'><div class=\"section_inner clearfix\"><div class='section_inner_margin clearfix'><div class=\"wpb_column vc_column_container vc_col-sm-6\"><div class=\"vc_column-inner\"><div class=\"wpb_wrapper\"><div class=\"separator  transparent\" style=\"margin-top: 25px;margin-bottom: 25px;\"><\/div>\n\n\t<div class=\"wpb_text_column wpb_content_element\">\n\t\t<div class=\"wpb_wrapper\">\n\t\t\t<h4>Zona de columpios<\/h4>\n\n\t\t<\/div> \n\t<\/div> <div id=\"foto_3\" class=\"psvupwraper\" style=\"\"><\/div><p id=\"up_ps_cord\"><\/p><div id=\"psvuperror\"><\/div><script type=\"text\/javascript\">\n    jQuery(document).ready(function ($) {\n\t\t\"use strict\";     \n\nif(!window.WebGLRenderingContext) {\n    \/\/ the browser doesn't even know what WebGL is\n\t$(\"#psvuperror\").html(\"Your Browser Does Not Support WebGL\");\n    \n}\n\t\telse {\n     var foto_3 = new PhotoSphereViewer({\n    panorama: 'https:\/\/picnicelsavets.com\/wp-content\/uploads\/2017\/08\/Picnic-Els-Avets-360-VR-4.jpg',\n    container: 'foto_3',\n    caption: 'Zona de gronxadors',\n    loading_img: 'https:\/\/picnicelsavets.com\/wp-content\/plugins\/photo-sphere-vc\/assets\/photosphere-logo.png',\n    navbar: 'autorotate caption markers',\n    default_fov: 70,\n\tanim_speed: '1rpm',\n    mousewheel: false,\n\ttime_anim: false,\n\t\n    size: {\n      height: 350\n    },\n\tlang: {\n    autorotate: 'Automatic rotation',\n    zoom: 'Zoom',\n    zoomOut: 'Zoom out',\n    zoomIn: 'Zoom in',\n    download: 'Download',\n    fullscreen: 'Fullscreen',\n    markers: 'Markers',\n    gyroscope: 'Gyroscope'\n},\n\tmarkers: [\n\t{\n      id: 'marcadoraigua',\n      longitude: 0.2502302896829558,\n      latitude: -0.01972893195209302,\n      image: 'https:\/\/picnicelsavets.com\/wp-content\/plugins\/photo-sphere-vc\/assets\/pindark_marker.png',\n      width: 32,\n      height: 32,\n      anchor: 'bottom center',\n      tooltip: 'Zona de jocs aqu\u00e0tics',\n      \n    },\n{\n      id: 'marcadorcistella',\n      longitude: 5.227482907589985,\n      latitude: 0.01218175636308838,\n      image: 'https:\/\/picnicelsavets.com\/wp-content\/plugins\/photo-sphere-vc\/assets\/pindark_marker.png',\n      width: 32,\n      height: 32,\n      anchor: 'bottom center',\n      tooltip: 'Cistella de b\u00e0squet',\n      \n    },\n\n\t ]\n\t});\n\t\n\t\tfoto_3.on('click', function(e) {\n\t\t\n  foto_3.addMarker({\n    id: '#' + Math.random(),\n    longitude: e.longitude,\n    latitude: e.latitude,\n    image: 'https:\/\/picnicelsavets.com\/wp-content\/plugins\/photo-sphere-vc\/assets\/pindark_marker.png',\n    width: 32,\n    height: 32,    \n  }); \n    var x = e.longitude;\n    var y = e.latitude;\n    var coords = \"Longitude: \" + x + \", Latitude: \" + y;\n    document.getElementById(\"up_ps_cord\").innerHTML = coords;\n});\n\t\t}\n });\n<\/script>\n<\/div><\/div><\/div><div class=\"wpb_column vc_column_container vc_col-sm-6\"><div class=\"vc_column-inner\"><div class=\"wpb_wrapper\"><div class=\"separator  transparent\" style=\"margin-top: 25px;margin-bottom: 25px;\"><\/div>\n\n\t<div class=\"wpb_text_column wpb_content_element\">\n\t\t<div class=\"wpb_wrapper\">\n\t\t\t<h4>Zona de juegos de equipo y cesta<\/h4>\n\n\t\t<\/div> \n\t<\/div> <div id=\"foto_4\" class=\"psvupwraper\" style=\"\"><\/div><p id=\"up_ps_cord\"><\/p><div id=\"psvuperror\"><\/div><script type=\"text\/javascript\">\n    jQuery(document).ready(function ($) {\n\t\t\"use strict\";     \n\nif(!window.WebGLRenderingContext) {\n    \/\/ the browser doesn't even know what WebGL is\n\t$(\"#psvuperror\").html(\"Your Browser Does Not Support WebGL\");\n    \n}\n\t\telse {\n     var foto_4 = new PhotoSphereViewer({\n    panorama: 'https:\/\/picnicelsavets.com\/wp-content\/uploads\/2017\/08\/Picnic-Els-Avets-360-VR-5.jpg',\n    container: 'foto_4',\n    caption: 'Zona de jocs en equip i cistella',\n    loading_img: 'https:\/\/picnicelsavets.com\/wp-content\/plugins\/photo-sphere-vc\/assets\/photosphere-logo.png',\n    navbar: 'autorotate caption markers',\n    default_fov: 70,\n\tanim_speed: '1rpm',\n    mousewheel: false,\n\ttime_anim: false,\n\t\n    size: {\n      height: 350\n    },\n\tlang: {\n    autorotate: 'Automatic rotation',\n    zoom: 'Zoom',\n    zoomOut: 'Zoom out',\n    zoomIn: 'Zoom in',\n    download: 'Download',\n    fullscreen: 'Fullscreen',\n    markers: 'Markers',\n    gyroscope: 'Gyroscope'\n},\n\tmarkers: [\n\t{\n      id: 'marcadorcistella',\n      longitude: 6.138842725686762,\n      latitude: 0.12499036590084933,\n      image: 'https:\/\/picnicelsavets.com\/wp-content\/plugins\/photo-sphere-vc\/assets\/pindark_marker.png',\n      width: 32,\n      height: 32,\n      anchor: 'bottom center',\n      tooltip: 'Cistella de b\u00e0squet',\n      \n    },\n\n\t ]\n\t});\n\t\n\t\tfoto_4.on('click', function(e) {\n\t\t\n  foto_4.addMarker({\n    id: '#' + Math.random(),\n    longitude: e.longitude,\n    latitude: e.latitude,\n    image: 'https:\/\/picnicelsavets.com\/wp-content\/plugins\/photo-sphere-vc\/assets\/pindark_marker.png',\n    width: 32,\n    height: 32,    \n  }); \n    var x = e.longitude;\n    var y = e.latitude;\n    var coords = \"Longitude: \" + x + \", Latitude: \" + y;\n    document.getElementById(\"up_ps_cord\").innerHTML = coords;\n});\n\t\t}\n });\n<\/script>\n<\/div><\/div><\/div><\/div><\/div><\/div><div      class=\"vc_row wpb_row section vc_row-fluid  grid_section\" style=' text-align:center;'><div class=\"section_inner clearfix\"><div class='section_inner_margin clearfix'><div class=\"wpb_column vc_column_container vc_col-sm-6\"><div class=\"vc_column-inner\"><div class=\"wpb_wrapper\"><div class=\"separator  transparent\" style=\"margin-top: 25px;margin-bottom: 25px;\"><\/div>\n\n\t<div class=\"wpb_text_column wpb_content_element\">\n\t\t<div class=\"wpb_wrapper\">\n\t\t\t<h4>Zona de juegos de agua<\/h4>\n\n\t\t<\/div> \n\t<\/div> <div id=\"foto_5\" class=\"psvupwraper\" style=\"\"><\/div><p id=\"up_ps_cord\"><\/p><div id=\"psvuperror\"><\/div><script type=\"text\/javascript\">\n    jQuery(document).ready(function ($) {\n\t\t\"use strict\";     \n\nif(!window.WebGLRenderingContext) {\n    \/\/ the browser doesn't even know what WebGL is\n\t$(\"#psvuperror\").html(\"Your Browser Does Not Support WebGL\");\n    \n}\n\t\telse {\n     var foto_5 = new PhotoSphereViewer({\n    panorama: 'https:\/\/picnicelsavets.com\/wp-content\/uploads\/2017\/08\/Picnic-Els-Avets-360-VR-6.jpg',\n    container: 'foto_5',\n    caption: 'Zona per refrescar-se',\n    loading_img: 'https:\/\/picnicelsavets.com\/wp-content\/plugins\/photo-sphere-vc\/assets\/photosphere-logo.png',\n    navbar: 'autorotate caption',\n    default_fov: 70,\n\tanim_speed: '1rpm',\n    mousewheel: false,\n\ttime_anim: false,\n\t\n    size: {\n      height: 350\n    },\n\tlang: {\n    autorotate: 'Automatic rotation',\n    zoom: 'Zoom',\n    zoomOut: 'Zoom out',\n    zoomIn: 'Zoom in',\n    download: 'Download',\n    fullscreen: 'Fullscreen',\n    markers: 'Markers',\n    gyroscope: 'Gyroscope'\n},\n\tmarkers: [\n\t{\n      id: 'marcadorgronxador',\n      longitude: 1.001843412475483,\n      latitude: 0.007730373210508068,\n      image: 'https:\/\/picnicelsavets.com\/wp-content\/plugins\/photo-sphere-vc\/assets\/pindark_marker.png',\n      width: 32,\n      height: 32,\n      anchor: 'bottom center',\n      tooltip: 'Zona de gronxadors',\n      \n    },\n\n\t ]\n\t});\n\t\n\t\tfoto_5.on('click', function(e) {\n\t\t\n  foto_5.addMarker({\n    id: '#' + Math.random(),\n    longitude: e.longitude,\n    latitude: e.latitude,\n    image: 'https:\/\/picnicelsavets.com\/wp-content\/plugins\/photo-sphere-vc\/assets\/pindark_marker.png',\n    width: 32,\n    height: 32,    \n  }); \n    var x = e.longitude;\n    var y = e.latitude;\n    var coords = \"Longitude: \" + x + \", Latitude: \" + y;\n    document.getElementById(\"up_ps_cord\").innerHTML = coords;\n});\n\t\t}\n });\n<\/script>\n<\/div><\/div><\/div><div class=\"wpb_column vc_column_container vc_col-sm-6\"><div class=\"vc_column-inner\"><div class=\"wpb_wrapper\"><div class=\"separator  transparent\" style=\"margin-top: 25px;margin-bottom: 25px;\"><\/div>\n\n\t<div class=\"wpb_text_column wpb_content_element\">\n\t\t<div class=\"wpb_wrapper\">\n\t\t\t<h4>Zona de mesas 1<\/h4>\n\n\t\t<\/div> \n\t<\/div> <div id=\"foto_6\" class=\"psvupwraper\" style=\"\"><\/div><p id=\"up_ps_cord\"><\/p><div id=\"psvuperror\"><\/div><script type=\"text\/javascript\">\n    jQuery(document).ready(function ($) {\n\t\t\"use strict\";     \n\nif(!window.WebGLRenderingContext) {\n    \/\/ the browser doesn't even know what WebGL is\n\t$(\"#psvuperror\").html(\"Your Browser Does Not Support WebGL\");\n    \n}\n\t\telse {\n     var foto_6 = new PhotoSphereViewer({\n    panorama: 'https:\/\/picnicelsavets.com\/wp-content\/uploads\/2017\/08\/Picnic-Els-Avets-360-VR-5.jpg',\n    container: 'foto_6',\n    caption: 'Zona de jocs en equip i cistella',\n    loading_img: 'https:\/\/picnicelsavets.com\/wp-content\/plugins\/photo-sphere-vc\/assets\/photosphere-logo.png',\n    navbar: 'autorotate caption markers',\n    default_fov: 70,\n\tanim_speed: '1rpm',\n    mousewheel: false,\n\ttime_anim: false,\n\t\n    size: {\n      height: 350\n    },\n\tlang: {\n    autorotate: 'Automatic rotation',\n    zoom: 'Zoom',\n    zoomOut: 'Zoom out',\n    zoomIn: 'Zoom in',\n    download: 'Download',\n    fullscreen: 'Fullscreen',\n    markers: 'Markers',\n    gyroscope: 'Gyroscope'\n},\n\tmarkers: [\n\t{\n      id: 'marcadorcistella',\n      longitude: 6.138842725686762,\n      latitude: 0.12499036590084933,\n      image: 'https:\/\/picnicelsavets.com\/wp-content\/plugins\/photo-sphere-vc\/assets\/pindark_marker.png',\n      width: 32,\n      height: 32,\n      anchor: 'bottom center',\n      tooltip: 'Cistella de b\u00e0squet',\n      \n    },\n\n\t ]\n\t});\n\t\n\t\tfoto_6.on('click', function(e) {\n\t\t\n  foto_6.addMarker({\n    id: '#' + Math.random(),\n    longitude: e.longitude,\n    latitude: e.latitude,\n    image: 'https:\/\/picnicelsavets.com\/wp-content\/plugins\/photo-sphere-vc\/assets\/pindark_marker.png',\n    width: 32,\n    height: 32,    \n  }); \n    var x = e.longitude;\n    var y = e.latitude;\n    var coords = \"Longitude: \" + x + \", Latitude: \" + y;\n    document.getElementById(\"up_ps_cord\").innerHTML = coords;\n});\n\t\t}\n });\n<\/script>\n<\/div><\/div><\/div><\/div><\/div><\/div><div      class=\"vc_row wpb_row section vc_row-fluid  grid_section\" style=' text-align:center;'><div class=\"section_inner clearfix\"><div class='section_inner_margin clearfix'><div class=\"wpb_column vc_column_container vc_col-sm-6\"><div class=\"vc_column-inner\"><div class=\"wpb_wrapper\"><div class=\"separator  transparent\" style=\"margin-top: 25px;margin-bottom: 25px;\"><\/div>\n\n\t<div class=\"wpb_text_column wpb_content_element\">\n\t\t<div class=\"wpb_wrapper\">\n\t\t\t<h4>La entrada al picnic<\/h4>\n\n\t\t<\/div> \n\t<\/div> <div id=\"foto_7\" class=\"psvupwraper\" style=\"\"><\/div><p id=\"up_ps_cord\"><\/p><div id=\"psvuperror\"><\/div><script type=\"text\/javascript\">\n    jQuery(document).ready(function ($) {\n\t\t\"use strict\";     \n\nif(!window.WebGLRenderingContext) {\n    \/\/ the browser doesn't even know what WebGL is\n\t$(\"#psvuperror\").html(\"Your Browser Does Not Support WebGL\");\n    \n}\n\t\telse {\n     var foto_7 = new PhotoSphereViewer({\n    panorama: 'https:\/\/picnicelsavets.com\/wp-content\/uploads\/2017\/08\/Picnic-Els-Avets-360-VR-18.jpg',\n    container: 'foto_7',\n    caption: 'La benvinguda',\n    loading_img: 'https:\/\/picnicelsavets.com\/wp-content\/plugins\/photo-sphere-vc\/assets\/photosphere-logo.png',\n    navbar: 'autorotate caption',\n    default_fov: 70,\n\tanim_speed: '1rpm',\n    mousewheel: false,\n\ttime_anim: false,\n\t\n    size: {\n      height: 350\n    },\n\tlang: {\n    autorotate: 'Automatic rotation',\n    zoom: 'Zoom',\n    zoomOut: 'Zoom out',\n    zoomIn: 'Zoom in',\n    download: 'Download',\n    fullscreen: 'Fullscreen',\n    markers: 'Markers',\n    gyroscope: 'Gyroscope'\n},\n\tmarkers: [\n\t\n\t ]\n\t});\n\t\n\t\tfoto_7.on('click', function(e) {\n\t\t\n  foto_7.addMarker({\n    id: '#' + Math.random(),\n    longitude: e.longitude,\n    latitude: e.latitude,\n    image: 'https:\/\/picnicelsavets.com\/wp-content\/plugins\/photo-sphere-vc\/assets\/pindark_marker.png',\n    width: 32,\n    height: 32,    \n  }); \n    var x = e.longitude;\n    var y = e.latitude;\n    var coords = \"Longitude: \" + x + \", Latitude: \" + y;\n    document.getElementById(\"up_ps_cord\").innerHTML = coords;\n});\n\t\t}\n });\n<\/script>\n<\/div><\/div><\/div><div class=\"wpb_column vc_column_container vc_col-sm-6\"><div class=\"vc_column-inner\"><div class=\"wpb_wrapper\"><div class=\"separator  transparent\" style=\"margin-top: 25px;margin-bottom: 25px;\"><\/div>\n\n\t<div class=\"wpb_text_column wpb_content_element\">\n\t\t<div class=\"wpb_wrapper\">\n\t\t\t<h4>Los primeros pasos en el Picnic Els Avets<\/h4>\n\n\t\t<\/div> \n\t<\/div> <div id=\"foto_8\" class=\"psvupwraper\" style=\"\"><\/div><p id=\"up_ps_cord\"><\/p><div id=\"psvuperror\"><\/div><script type=\"text\/javascript\">\n    jQuery(document).ready(function ($) {\n\t\t\"use strict\";     \n\nif(!window.WebGLRenderingContext) {\n    \/\/ the browser doesn't even know what WebGL is\n\t$(\"#psvuperror\").html(\"Your Browser Does Not Support WebGL\");\n    \n}\n\t\telse {\n     var foto_8 = new PhotoSphereViewer({\n    panorama: 'https:\/\/picnicelsavets.com\/wp-content\/uploads\/2017\/08\/Picnic-Els-Avets-360-VR-19.jpg',\n    container: 'foto_8',\n    caption: 'Entrada a la zona de p\u00edcnic',\n    loading_img: 'https:\/\/picnicelsavets.com\/wp-content\/plugins\/photo-sphere-vc\/assets\/photosphere-logo.png',\n    navbar: 'autorotate caption markers',\n    default_fov: 70,\n\tanim_speed: '1rpm',\n    mousewheel: false,\n\ttime_anim: false,\n\t\n    size: {\n      height: 350\n    },\n\tlang: {\n    autorotate: 'Automatic rotation',\n    zoom: 'Zoom',\n    zoomOut: 'Zoom out',\n    zoomIn: 'Zoom in',\n    download: 'Download',\n    fullscreen: 'Fullscreen',\n    markers: 'Markers',\n    gyroscope: 'Gyroscope'\n},\n\tmarkers: [\n\t\n\t ]\n\t});\n\t\n\t\tfoto_8.on('click', function(e) {\n\t\t\n  foto_8.addMarker({\n    id: '#' + Math.random(),\n    longitude: e.longitude,\n    latitude: e.latitude,\n    image: 'https:\/\/picnicelsavets.com\/wp-content\/plugins\/photo-sphere-vc\/assets\/pindark_marker.png',\n    width: 32,\n    height: 32,    \n  }); \n    var x = e.longitude;\n    var y = e.latitude;\n    var coords = \"Longitude: \" + x + \", Latitude: \" + y;\n    document.getElementById(\"up_ps_cord\").innerHTML = coords;\n});\n\t\t}\n });\n<\/script>\n<\/div><\/div><\/div><\/div><\/div><\/div><div      class=\"vc_row wpb_row section vc_row-fluid  grid_section\" style=' text-align:center;'><div class=\"section_inner clearfix\"><div class='section_inner_margin clearfix'><div class=\"wpb_column vc_column_container vc_col-sm-6\"><div class=\"vc_column-inner\"><div class=\"wpb_wrapper\"><div class=\"separator  transparent\" style=\"margin-top: 25px;margin-bottom: 25px;\"><\/div>\n\n\t<div class=\"wpb_text_column wpb_content_element\">\n\t\t<div class=\"wpb_wrapper\">\n\t\t\t<h4>Nuestro restaurante<\/h4>\n\n\t\t<\/div> \n\t<\/div> <div id=\"foto_9\" class=\"psvupwraper\" style=\"\"><\/div><p id=\"up_ps_cord\"><\/p><div id=\"psvuperror\"><\/div><script type=\"text\/javascript\">\n    jQuery(document).ready(function ($) {\n\t\t\"use strict\";     \n\nif(!window.WebGLRenderingContext) {\n    \/\/ the browser doesn't even know what WebGL is\n\t$(\"#psvuperror\").html(\"Your Browser Does Not Support WebGL\");\n    \n}\n\t\telse {\n     var foto_9 = new PhotoSphereViewer({\n    panorama: 'https:\/\/picnicelsavets.com\/wp-content\/uploads\/2017\/08\/Picnic-Els-Avets-360-VR-21.jpg',\n    container: 'foto_9',\n    caption: 'Interior del restaurant',\n    loading_img: 'https:\/\/picnicelsavets.com\/wp-content\/plugins\/photo-sphere-vc\/assets\/photosphere-logo.png',\n    navbar: 'autorotate caption',\n    default_fov: 70,\n\tanim_speed: '1rpm',\n    mousewheel: false,\n\ttime_anim: false,\n\t\n    size: {\n      height: 350\n    },\n\tlang: {\n    autorotate: 'Automatic rotation',\n    zoom: 'Zoom',\n    zoomOut: 'Zoom out',\n    zoomIn: 'Zoom in',\n    download: 'Download',\n    fullscreen: 'Fullscreen',\n    markers: 'Markers',\n    gyroscope: 'Gyroscope'\n},\n\tmarkers: [\n\t\n\t ]\n\t});\n\t\n\t\tfoto_9.on('click', function(e) {\n\t\t\n  foto_9.addMarker({\n    id: '#' + Math.random(),\n    longitude: e.longitude,\n    latitude: e.latitude,\n    image: 'https:\/\/picnicelsavets.com\/wp-content\/plugins\/photo-sphere-vc\/assets\/pindark_marker.png',\n    width: 32,\n    height: 32,    \n  }); \n    var x = e.longitude;\n    var y = e.latitude;\n    var coords = \"Longitude: \" + x + \", Latitude: \" + y;\n    document.getElementById(\"up_ps_cord\").innerHTML = coords;\n});\n\t\t}\n });\n<\/script>\n<\/div><\/div><\/div><div class=\"wpb_column vc_column_container vc_col-sm-6\"><div class=\"vc_column-inner\"><div class=\"wpb_wrapper\"><div class=\"separator  transparent\" style=\"margin-top: 25px;margin-bottom: 25px;\"><\/div>\n\n\t<div class=\"wpb_text_column wpb_content_element\">\n\t\t<div class=\"wpb_wrapper\">\n\t\t\t<h4>Nuestro restaurante<\/h4>\n\n\t\t<\/div> \n\t<\/div> <div id=\"foto_10\" class=\"psvupwraper\" style=\"\"><\/div><p id=\"up_ps_cord\"><\/p><div id=\"psvuperror\"><\/div><script type=\"text\/javascript\">\n    jQuery(document).ready(function ($) {\n\t\t\"use strict\";     \n\nif(!window.WebGLRenderingContext) {\n    \/\/ the browser doesn't even know what WebGL is\n\t$(\"#psvuperror\").html(\"Your Browser Does Not Support WebGL\");\n    \n}\n\t\telse {\n     var foto_10 = new PhotoSphereViewer({\n    panorama: 'https:\/\/picnicelsavets.com\/wp-content\/uploads\/2017\/08\/Picnic-Els-Avets-360-VR-22.jpg',\n    container: 'foto_10',\n    caption: 'Interior del restaurant',\n    loading_img: 'https:\/\/picnicelsavets.com\/wp-content\/plugins\/photo-sphere-vc\/assets\/photosphere-logo.png',\n    navbar: 'autorotate caption markers',\n    default_fov: 70,\n\tanim_speed: '1rpm',\n    mousewheel: false,\n\ttime_anim: false,\n\t\n    size: {\n      height: 350\n    },\n\tlang: {\n    autorotate: 'Automatic rotation',\n    zoom: 'Zoom',\n    zoomOut: 'Zoom out',\n    zoomIn: 'Zoom in',\n    download: 'Download',\n    fullscreen: 'Fullscreen',\n    markers: 'Markers',\n    gyroscope: 'Gyroscope'\n},\n\tmarkers: [\n\t\n\t ]\n\t});\n\t\n\t\tfoto_10.on('click', function(e) {\n\t\t\n  foto_10.addMarker({\n    id: '#' + Math.random(),\n    longitude: e.longitude,\n    latitude: e.latitude,\n    image: 'https:\/\/picnicelsavets.com\/wp-content\/plugins\/photo-sphere-vc\/assets\/pindark_marker.png',\n    width: 32,\n    height: 32,    \n  }); \n    var x = e.longitude;\n    var y = e.latitude;\n    var coords = \"Longitude: \" + x + \", Latitude: \" + y;\n    document.getElementById(\"up_ps_cord\").innerHTML = coords;\n});\n\t\t}\n });\n<\/script>\n<\/div><\/div><\/div><\/div><\/div><\/div>\n<\/div>","protected":false},"excerpt":{"rendered":"Visita el P\u00edcnic Els Avets abans de venir, t'encantar\u00e0! Hem incorporat l'espai de realitat virtual a la nostra web per tal que puguis saber com \u00e9s el P\u00edcnic sense sortir de casa. Tria la millor zona on estar depenent de les activitats que vulguis fer...","protected":false},"author":2,"featured_media":0,"parent":0,"menu_order":0,"comment_status":"closed","ping_status":"closed","template":"","meta":{"footnotes":""},"class_list":["post-555","page","type-page","status-publish","hentry"],"_links":{"self":[{"href":"https:\/\/picnicelsavets.com\/es\/wp-json\/wp\/v2\/pages\/555","targetHints":{"allow":["GET"]}}],"collection":[{"href":"https:\/\/picnicelsavets.com\/es\/wp-json\/wp\/v2\/pages"}],"about":[{"href":"https:\/\/picnicelsavets.com\/es\/wp-json\/wp\/v2\/types\/page"}],"author":[{"embeddable":true,"href":"https:\/\/picnicelsavets.com\/es\/wp-json\/wp\/v2\/users\/2"}],"replies":[{"embeddable":true,"href":"https:\/\/picnicelsavets.com\/es\/wp-json\/wp\/v2\/comments?post=555"}],"version-history":[{"count":32,"href":"https:\/\/picnicelsavets.com\/es\/wp-json\/wp\/v2\/pages\/555\/revisions"}],"predecessor-version":[{"id":615,"href":"https:\/\/picnicelsavets.com\/es\/wp-json\/wp\/v2\/pages\/555\/revisions\/615"}],"wp:attachment":[{"href":"https:\/\/picnicelsavets.com\/es\/wp-json\/wp\/v2\/media?parent=555"}],"curies":[{"name":"wp","href":"https:\/\/api.w.org\/{rel}","templated":true}]}}