{"id":405,"date":"2017-06-06T23:45:43","date_gmt":"2017-06-06T23:45:43","guid":{"rendered":"http:\/\/picnicelsavets.com\/?page_id=405"},"modified":"2024-07-30T10:40:46","modified_gmt":"2024-07-30T10:40:46","slug":"els-avets","status":"publish","type":"page","link":"https:\/\/picnicelsavets.com\/es\/els-avets\/","title":{"rendered":"Els Avets"},"content":{"rendered":"<div class=\"wpb-content-wrapper\"><div class=\"vc_row wpb_row section vc_row-fluid  vc_custom_1457099274263 grid_section\" style=' text-align:center;'><div class=\"section_inner clearfix\"><div class='section_inner_margin clearfix'><div class=\"wpb_column vc_column_container vc_col-sm-6\"><div class=\"vc_column-inner\"><div class=\"wpb_wrapper\"><div class=\"separator  transparent\" style=\"margin-top: 7px;margin-bottom: 0px;\"><\/div>\n\n\t<div class=\"wpb_single_image wpb_content_element vc_align_center\">\n\t\t<div class=\"wpb_wrapper\">\n\t\t\t\n\t\t\t<div class=\"vc_single_image-wrapper   vc_box_border_grey\"><img loading=\"lazy\" decoding=\"async\" width=\"1200\" height=\"900\" src=\"https:\/\/picnicelsavets.com\/wp-content\/uploads\/2017\/06\/IMG2.jpg\" class=\"vc_single_image-img attachment-full\" alt=\"\" title=\"IMG2\" srcset=\"https:\/\/picnicelsavets.com\/wp-content\/uploads\/2017\/06\/IMG2.jpg 1200w, https:\/\/picnicelsavets.com\/wp-content\/uploads\/2017\/06\/IMG2-300x225.jpg 300w, https:\/\/picnicelsavets.com\/wp-content\/uploads\/2017\/06\/IMG2-768x576.jpg 768w, https:\/\/picnicelsavets.com\/wp-content\/uploads\/2017\/06\/IMG2-1024x768.jpg 1024w, https:\/\/picnicelsavets.com\/wp-content\/uploads\/2017\/06\/IMG2-16x12.jpg 16w, https:\/\/picnicelsavets.com\/wp-content\/uploads\/2017\/06\/IMG2-800x600.jpg 800w, https:\/\/picnicelsavets.com\/wp-content\/uploads\/2017\/06\/IMG2-700x525.jpg 700w\" sizes=\"auto, (max-width: 1200px) 100vw, 1200px\" \/><\/div>\n\t\t<\/div>\n\t<\/div>\n<div class=\"separator  transparent\" style=\"margin-top: 60px;margin-bottom: 0px;\"><\/div>\n<\/div><\/div><\/div><div class=\"wpb_column vc_column_container vc_col-sm-6 vc_col-lg-offset-0 vc_col-lg-6 vc_col-md-offset-2 vc_col-md-8 vc_col-sm-offset-0\"><div class=\"vc_column-inner\"><div class=\"wpb_wrapper\">\n\t<div class=\"wpb_text_column wpb_content_element\">\n\t\t<div class=\"wpb_wrapper\">\n\t\t\t<h2>Nuestros \"Avets\"<\/h2>\n\n\t\t<\/div> \n\t<\/div> <div class=\"separator  small center\" style=\"\"><\/div>\n\n\t<div class=\"wpb_text_column wpb_content_element\">\n\t\t<div class=\"wpb_wrapper\">\n\t\t\t<h4 style=\"text-align: center;\">Situado entre Riudarenes y Santa Coloma y en la frontera entre la llanura y las monta\u00f1as de las Guilleries, el Picnic dispone de mesas y barbacoas a la sombra de un gran bosque de abetos que le da el nombre.<\/h4>\n\n\t\t<\/div> \n\t<\/div> <div class=\"separator  transparent\" style=\"margin-top: 21px;margin-bottom: 0px;\"><\/div>\n\n\t<div class=\"wpb_text_column wpb_content_element\">\n\t\t<div class=\"wpb_wrapper\">\n\t\t\t<p style=\"text-align: justify;\">\u00a1Haz tu fuego y trae todo lo que te haga falta para ense\u00f1ar a los amigos y familia qui\u00e9n es el rey de la barbacoa! S\u00f3lo tendr\u00e1s que alquilar tu mesa y comprar el carb\u00f3n o le\u00f1a que necesites.<\/p>\n<p style=\"text-align: justify;\">Si no quieres envolverte al hacer la comida no lo dudes nosotros lo haremos por ti. Con el <strong>Men\u00fa picnic<\/strong> todo es m\u00e1s f\u00e1cil. Preparamos una ensalada por persona y de segundo paella o fideu\u00e1 hecha por nosotros. Tambi\u00e9n incluye vino y agua.<\/p>\n<p style=\"text-align: justify;\">Pero si te parece poco, tambi\u00e9n puedes venir al restaurante. Rel\u00e1jate comiendo con unas magn\u00edficas vistas frente al estanque. Tanto de d\u00eda como en las noches de verano ofrecemos carnes de proximidad y paellas y fideu\u00e1s, la especialidad de la casa.<\/p>\n\n\t\t<\/div> \n\t<\/div> <div class=\"separator  transparent\" style=\"margin-top: 50px;margin-bottom: 0px;\"><\/div>\n<\/div><\/div><\/div><\/div><\/div><\/div><div      class=\"vc_row wpb_row section vc_row-fluid  vc_custom_1457099624226 grid_section\" style='background-color:#f5f5f5; text-align:center;'><div class=\"section_inner clearfix\"><div class='section_inner_margin clearfix'><div class=\"wpb_column vc_column_container vc_col-sm-12 vc_col-lg-offset-0 vc_col-lg-6 vc_col-md-offset-2 vc_col-md-8 vc_col-sm-offset-0\"><div class=\"vc_column-inner\"><div class=\"wpb_wrapper\">\n\t<div class=\"wpb_text_column wpb_content_element\">\n\t\t<div class=\"wpb_wrapper\">\n\t\t\t<h2>HISTORIA<\/h2>\n\n\t\t<\/div> \n\t<\/div> <div class=\"separator  small center\" style=\"\"><\/div>\n\n\t<div class=\"wpb_text_column wpb_content_element\">\n\t\t<div class=\"wpb_wrapper\">\n\t\t\t<h4 style=\"text-align: center;\">Els Avets nace de un proyecto familiar que ha encontrado el equilibrio entre la experiencia de su fundador y la juventud y nuevas ideas de sus hijos.<\/h4>\n\n\t\t<\/div> \n\t<\/div> <div class=\"separator  transparent\" style=\"margin-top: 21px;margin-bottom: 0px;\"><\/div>\n\n\t<div class=\"wpb_text_column wpb_content_element\">\n\t\t<div class=\"wpb_wrapper\">\n\t\t\t<p style=\"text-align: justify;\">Se inaugur\u00f3 en 2015 despu\u00e9s de tres a\u00f1os de construcci\u00f3n y preparaci\u00f3n del espacio siempre bas\u00e1ndonos en la idea de convertir un bosque de cedros en una zona de relax y diversi\u00f3n, donde familias y grupos de amigos pudieran disfrutar de la naturaleza con todas las comodidades.<\/p>\n<p style=\"text-align: justify;\">Poco tiempo despu\u00e9s un hongo atac\u00f3 los cedros dej\u00e1ndolos muy d\u00e9biles y el temporal Gloria del a\u00f1o 2020 derrib\u00f3 gran parte de ellos; lo que nos oblig\u00f3 a reconvertir el espacio en el que es actualmente. Se aprovecharon los troncos para crear zonas cubiertas y se replant\u00f3 con distintas variedades de \u00e1rboles aut\u00f3ctonos.<\/p>\n<p style=\"text-align: justify;\">Actualmente seguimos trabajando para mejorar el espacio d\u00eda a d\u00eda.<\/p>\n\n\t\t<\/div> \n\t<\/div> <div class=\"separator  transparent\" style=\"margin-top: 60px;margin-bottom: 0px;\"><\/div>\n<\/div><\/div><\/div><div class=\"wpb_column vc_column_container vc_col-sm-12 vc_col-lg-offset-0 vc_col-lg-6 vc_col-md-offset-0 vc_col-md-12 vc_col-sm-offset-0\"><div class=\"vc_column-inner\"><div class=\"wpb_wrapper\"><div class=\"separator  transparent\" style=\"margin-top: 7px;margin-bottom: 0px;\"><\/div>\n\n\t<div class=\"wpb_single_image wpb_content_element vc_align_center  vc_custom_1722336043862\">\n\t\t<div class=\"wpb_wrapper\">\n\t\t\t\n\t\t\t<div class=\"vc_single_image-wrapper   vc_box_border_grey\"><img loading=\"lazy\" decoding=\"async\" width=\"1200\" height=\"900\" src=\"https:\/\/picnicelsavets.com\/wp-content\/uploads\/2017\/06\/IMG3.jpg\" class=\"vc_single_image-img attachment-full\" alt=\"\" title=\"IMG3\" srcset=\"https:\/\/picnicelsavets.com\/wp-content\/uploads\/2017\/06\/IMG3.jpg 1200w, https:\/\/picnicelsavets.com\/wp-content\/uploads\/2017\/06\/IMG3-300x225.jpg 300w, https:\/\/picnicelsavets.com\/wp-content\/uploads\/2017\/06\/IMG3-768x576.jpg 768w, https:\/\/picnicelsavets.com\/wp-content\/uploads\/2017\/06\/IMG3-1024x768.jpg 1024w, https:\/\/picnicelsavets.com\/wp-content\/uploads\/2017\/06\/IMG3-16x12.jpg 16w, https:\/\/picnicelsavets.com\/wp-content\/uploads\/2017\/06\/IMG3-800x600.jpg 800w, https:\/\/picnicelsavets.com\/wp-content\/uploads\/2017\/06\/IMG3-700x525.jpg 700w\" sizes=\"auto, (max-width: 1200px) 100vw, 1200px\" \/><\/div>\n\t\t<\/div>\n\t<\/div>\n\n\t<div class=\"wpb_single_image wpb_content_element vc_align_center\">\n\t\t<div class=\"wpb_wrapper\">\n\t\t\t\n\t\t\t<div class=\"vc_single_image-wrapper   vc_box_border_grey\"><img loading=\"lazy\" decoding=\"async\" width=\"1200\" height=\"900\" src=\"https:\/\/picnicelsavets.com\/wp-content\/uploads\/2017\/06\/IMG4.jpg\" class=\"vc_single_image-img attachment-full\" alt=\"\" title=\"IMG4\" srcset=\"https:\/\/picnicelsavets.com\/wp-content\/uploads\/2017\/06\/IMG4.jpg 1200w, https:\/\/picnicelsavets.com\/wp-content\/uploads\/2017\/06\/IMG4-300x225.jpg 300w, https:\/\/picnicelsavets.com\/wp-content\/uploads\/2017\/06\/IMG4-768x576.jpg 768w, https:\/\/picnicelsavets.com\/wp-content\/uploads\/2017\/06\/IMG4-1024x768.jpg 1024w, https:\/\/picnicelsavets.com\/wp-content\/uploads\/2017\/06\/IMG4-16x12.jpg 16w, https:\/\/picnicelsavets.com\/wp-content\/uploads\/2017\/06\/IMG4-800x600.jpg 800w, https:\/\/picnicelsavets.com\/wp-content\/uploads\/2017\/06\/IMG4-700x525.jpg 700w\" sizes=\"auto, (max-width: 1200px) 100vw, 1200px\" \/><\/div>\n\t\t<\/div>\n\t<\/div>\n<div class=\"separator  transparent\" style=\"margin-top: 60px;margin-bottom: 0px;\"><\/div>\n<\/div><\/div><\/div><\/div><\/div><\/div><div      class=\"vc_row wpb_row section vc_row-fluid  vc_custom_1496873492814 grid_section\" style=' text-align:center;'><div class=\"section_inner clearfix\"><div class='section_inner_margin clearfix'><div class=\"wpb_column vc_column_container vc_col-sm-6\"><div class=\"vc_column-inner\"><div class=\"wpb_wrapper\">\n\t<div class=\"wpb_single_image wpb_content_element vc_align_center\">\n\t\t<div class=\"wpb_wrapper\">\n\t\t\t\n\t\t\t<div class=\"vc_single_image-wrapper   vc_box_border_grey\"><img loading=\"lazy\" decoding=\"async\" width=\"640\" height=\"337\" src=\"https:\/\/picnicelsavets.com\/wp-content\/uploads\/2017\/06\/els-avets-normativa.jpg\" class=\"vc_single_image-img attachment-full\" alt=\"\" title=\"los-abetos-normativa\" srcset=\"https:\/\/picnicelsavets.com\/wp-content\/uploads\/2017\/06\/els-avets-normativa.jpg 640w, https:\/\/picnicelsavets.com\/wp-content\/uploads\/2017\/06\/els-avets-normativa-300x158.jpg 300w\" sizes=\"auto, (max-width: 640px) 100vw, 640px\" \/><\/div>\n\t\t<\/div>\n\t<\/div>\n<\/div><\/div><\/div><div class=\"wpb_column vc_column_container vc_col-sm-6 vc_col-lg-offset-0 vc_col-lg-6 vc_col-md-offset-2 vc_col-md-8 vc_col-sm-offset-0\"><div class=\"vc_column-inner\"><div class=\"wpb_wrapper\">\n\t<div class=\"wpb_text_column wpb_content_element\">\n\t\t<div class=\"wpb_wrapper\">\n\t\t\t<h2>LA NORMATIVA<\/h2>\n\n\t\t<\/div> \n\t<\/div> <div class=\"separator  small center\" style=\"\"><\/div>\n\n\t<div class=\"wpb_text_column wpb_content_element\">\n\t\t<div class=\"wpb_wrapper\">\n\t\t\t<h4 style=\"text-align: center;\">Las normas de convivencia que nos permitir\u00e1n a todos disfrutar de un espl\u00e9ndido encuentro.<\/h4>\n\n\t\t<\/div> \n\t<\/div> <div class=\"separator  transparent\" style=\"margin-top: 21px;margin-bottom: 0px;\"><\/div>\n\n\t<div class=\"wpb_text_column wpb_content_element\">\n\t\t<div class=\"wpb_wrapper\">\n\t\t\t<ul>\n<li style=\"text-align: justify;\">No est\u00e1 permitida la entrada de veh\u00edculos en el espacio del picnic.<\/li>\n<li style=\"text-align: justify;\">Se permite la entrada de perros siempre que sus propietarios se comprometan a tenerlos atados y recoger sus heces.<\/li>\n<li style=\"text-align: justify;\">No est\u00e1 permitido el uso de aparatos musicales en las tablas.<\/li>\n<li style=\"text-align: justify;\">No se pueden entrar sillas, hamacas, le\u00f1a ni ning\u00fan elemento que pueda perturbar la tranquilidad y convivencia.<\/li>\n<li style=\"text-align: justify;\">PARKING NO VIGILADO, la empresa no se hace responsable de ning\u00fan robo ni dentro ni fuera de nuestras instalaciones, tampoco ning\u00fan incidente derivado del mal uso de las mismas.<\/li>\n<\/ul>\n\n\t\t<\/div> \n\t<\/div> <div class=\"separator  transparent\" style=\"margin-top: 50px;margin-bottom: 0px;\"><\/div>\n<\/div><\/div><\/div><\/div><\/div><\/div><div      class=\"vc_row wpb_row section vc_row-fluid\" style=' text-align:left;'><div class=\"full_section_inner clearfix\"><div class=\"wpb_column vc_column_container vc_col-sm-3\"><div class=\"vc_column-inner\"><div class=\"wpb_wrapper\"><div class=\"separator  transparent\" style=\"margin-top: 15px;margin-bottom: 15px;\"><\/div>\n<\/div><\/div><\/div><div class=\"wpb_column vc_column_container vc_col-sm-6\"><div class=\"vc_column-inner vc_custom_1496873468409\"><div class=\"wpb_wrapper\"><span class=\"separator_with_icon\" style='color:#dd3333;'><i class=\"fa fa-exclamation-triangle\"><\/i><\/span>\n\t<div class=\"wpb_text_column wpb_content_element\">\n\t\t<div class=\"wpb_wrapper\">\n\t\t\t<p style=\"text-align: center;\"><strong>Els Avets se reserva el derecho de admisi\u00f3n a criterio de la persona encargada de la recepci\u00f3n.<\/strong><\/p>\n\n\t\t<\/div> \n\t<\/div> <div class=\"separator  transparent\" style=\"margin-top: 15px;margin-bottom: 15px;\"><\/div>\n<span class=\"separator_with_icon\" style='color:#dd9933;'><i class=\"fa fa-free-code-camp\"><\/i><\/span>\n\t<div class=\"wpb_text_column wpb_content_element\">\n\t\t<div class=\"wpb_wrapper\">\n\t\t\t<p style=\"text-align: center;\"><strong>Establecimiento autorizado a encender fuego durante todo el a\u00f1o seg\u00fan decreto 64\/1995 Art.8-15 con n\u00ba de registro 735.<\/strong><\/p>\n\n\t\t<\/div> \n\t<\/div> <\/div><\/div><\/div><div class=\"wpb_column vc_column_container vc_col-sm-3\"><div class=\"vc_column-inner\"><div class=\"wpb_wrapper\"><div class=\"separator  transparent\" style=\"margin-top: 15px;margin-bottom: 15px;\"><\/div>\n<\/div><\/div><\/div><\/div><\/div>\n<\/div>","protected":false},"excerpt":{"rendered":"Els nostres avets Situat entre Riudarenes i Santa Coloma i a la frontera entre la plana i les muntanyes de les Guilleries, el P\u00edcnic disposa de taules i barbacoes a l\u2019ombra d\u2019un gran bosc d\u2019avets que li dona el nom. Fes el teu foc i...","protected":false},"author":1,"featured_media":0,"parent":0,"menu_order":0,"comment_status":"closed","ping_status":"closed","template":"full_width.php","meta":{"footnotes":""},"class_list":["post-405","page","type-page","status-publish","hentry"],"_links":{"self":[{"href":"https:\/\/picnicelsavets.com\/es\/wp-json\/wp\/v2\/pages\/405","targetHints":{"allow":["GET"]}}],"collection":[{"href":"https:\/\/picnicelsavets.com\/es\/wp-json\/wp\/v2\/pages"}],"about":[{"href":"https:\/\/picnicelsavets.com\/es\/wp-json\/wp\/v2\/types\/page"}],"author":[{"embeddable":true,"href":"https:\/\/picnicelsavets.com\/es\/wp-json\/wp\/v2\/users\/1"}],"replies":[{"embeddable":true,"href":"https:\/\/picnicelsavets.com\/es\/wp-json\/wp\/v2\/comments?post=405"}],"version-history":[{"count":20,"href":"https:\/\/picnicelsavets.com\/es\/wp-json\/wp\/v2\/pages\/405\/revisions"}],"predecessor-version":[{"id":1156,"href":"https:\/\/picnicelsavets.com\/es\/wp-json\/wp\/v2\/pages\/405\/revisions\/1156"}],"wp:attachment":[{"href":"https:\/\/picnicelsavets.com\/es\/wp-json\/wp\/v2\/media?parent=405"}],"curies":[{"name":"wp","href":"https:\/\/api.w.org\/{rel}","templated":true}]}}