{"id":166,"date":"2016-02-22T09:09:40","date_gmt":"2016-02-22T09:09:40","guid":{"rendered":"http:\/\/bridge4.qodeinteractive.com\/?page_id=166"},"modified":"2017-06-07T23:44:27","modified_gmt":"2017-06-07T23:44:27","slug":"situacio","status":"publish","type":"page","link":"https:\/\/picnicelsavets.com\/es\/situacio\/","title":{"rendered":"Situaci\u00f3n"},"content":{"rendered":"<div class=\"wpb-content-wrapper\"><div      class=\"vc_row wpb_row section vc_row-fluid  vc_custom_1457099274263 grid_section\" style=' text-align:center;'><div class=\"section_inner clearfix\"><div class='section_inner_margin clearfix'><div class=\"wpb_column vc_column_container vc_col-sm-12 vc_col-lg-offset-0 vc_col-lg-6 vc_col-md-offset-2 vc_col-md-8 vc_col-sm-offset-0\"><div class=\"vc_column-inner\"><div class=\"wpb_wrapper\">\n\t<div class=\"wpb_text_column wpb_content_element\">\n\t\t<div class=\"wpb_wrapper\">\n\t\t\t<h2>\u00bfC\u00f3mo llegar?<\/h2>\n\n\t\t<\/div> \n\t<\/div> <div class=\"separator  small center\" style=\"\"><\/div>\n\n\t<div class=\"wpb_text_column wpb_content_element\">\n\t\t<div class=\"wpb_wrapper\">\n\t\t\t<h4 style=\"text-align: center;\">Estamos en la carretera vieja de Riudarenes en Santa Coloma Farners (GIV 5512).<\/h4>\n\n\t\t<\/div> \n\t<\/div> <div class=\"separator  transparent\" style=\"margin-top: 21px;margin-bottom: 0px;\"><\/div>\n\n\t<div class=\"wpb_text_column wpb_content_element\">\n\t\t<div class=\"wpb_wrapper\">\n\t\t\t<h3>\u00bfC\u00f3mo llegar en coche?<\/h3>\n<h4><strong>Desde Barcelona<\/strong><\/h4>\n<p>Puede venir desde Barcelona por la AP7 salida 9. Seguir por la C63 direcci\u00f3n Santa Coloma.<\/p>\n<p>En el km 22 girar a la izquierda GIV-5512 (Urbanizaci\u00f3n de Can Falquers). Seguir una 300 metros, girar a la derecha y continuar hasta el picnic.<\/p>\n<h4><strong>Desde Gerona<\/strong><\/h4>\n<p>Por el eje transversal, salida 228, C63 y GIV-5512. Tambi\u00e9n puede entrar en Santa Coloma de Farners direcci\u00f3n al Magma y continuar por la GIV-5512 (carretera de arena) direcci\u00f3n Riudarenes.<\/p>\n\n\t\t<\/div> \n\t<\/div> <div class=\"separator  transparent\" style=\"margin-top: 50px;margin-bottom: 0px;\"><\/div>\n<\/div><\/div><\/div><div class=\"wpb_column vc_column_container vc_col-sm-12 vc_col-lg-offset-0 vc_col-lg-6 vc_col-md-offset-2 vc_col-md-8 vc_col-sm-offset-0\"><div class=\"vc_column-inner\"><div class=\"wpb_wrapper\"><div class=\"separator  transparent\" style=\"margin-top: 7px;margin-bottom: 0px;\"><\/div>\n\n\t<div class=\"wpb_raw_code wpb_raw_html wpb_content_element\" >\n\t\t<div class=\"wpb_wrapper\">\n\t\t\t<iframe loading=\"lazy\" src=\"https:\/\/www.google.com\/maps\/embed?pb=!1m18!1m12!1m3!1d4084.179393050319!2d2.693604627471132!3d41.8374630089763!2m3!1f0!2f0!3f0!3m2!1i1024!2i768!4f13.1!3m3!1m2!1s0x0%3A0xfb202afd50802ab6!2sPicnic+Els+Avets!5e0!3m2!1ses!2ses!4v1496878918162\" width=\"100%\" height=\"450\" frameborder=\"0\" style=\"border:0\" allowfullscreen><\/iframe>\n\t\t<\/div>\n\t<\/div>\n<div class=\"separator  transparent\" style=\"margin-top: 59px;margin-bottom: 0px;\"><\/div>\n<\/div><\/div><\/div><\/div><\/div><\/div>\n<\/div>","protected":false},"excerpt":{"rendered":"Com arribar? Estem a la carretera vella de Riudarenes a Santa Coloma Farners (GIV 5512). Com arribar amb cotxe? Des de Barcelona Podeu venir des de Barcelona per l\u2019AP7 sortida 9. Seguir per la C63 direcci\u00f3 Santa Coloma. Al km 22 girar a l\u2019esquerra GIV-5512...","protected":false},"author":1,"featured_media":0,"parent":0,"menu_order":0,"comment_status":"closed","ping_status":"closed","template":"full_width.php","meta":{"footnotes":""},"class_list":["post-166","page","type-page","status-publish","hentry"],"_links":{"self":[{"href":"https:\/\/picnicelsavets.com\/es\/wp-json\/wp\/v2\/pages\/166","targetHints":{"allow":["GET"]}}],"collection":[{"href":"https:\/\/picnicelsavets.com\/es\/wp-json\/wp\/v2\/pages"}],"about":[{"href":"https:\/\/picnicelsavets.com\/es\/wp-json\/wp\/v2\/types\/page"}],"author":[{"embeddable":true,"href":"https:\/\/picnicelsavets.com\/es\/wp-json\/wp\/v2\/users\/1"}],"replies":[{"embeddable":true,"href":"https:\/\/picnicelsavets.com\/es\/wp-json\/wp\/v2\/comments?post=166"}],"version-history":[{"count":6,"href":"https:\/\/picnicelsavets.com\/es\/wp-json\/wp\/v2\/pages\/166\/revisions"}],"predecessor-version":[{"id":515,"href":"https:\/\/picnicelsavets.com\/es\/wp-json\/wp\/v2\/pages\/166\/revisions\/515"}],"wp:attachment":[{"href":"https:\/\/picnicelsavets.com\/es\/wp-json\/wp\/v2\/media?parent=166"}],"curies":[{"name":"wp","href":"https:\/\/api.w.org\/{rel}","templated":true}]}}