{"id":1175,"date":"2025-01-23T15:38:58","date_gmt":"2025-01-23T15:38:58","guid":{"rendered":"https:\/\/picnicelsavets.com\/?page_id=1175"},"modified":"2025-01-24T07:29:04","modified_gmt":"2025-01-24T07:29:04","slug":"politica-de-privacitat","status":"publish","type":"page","link":"https:\/\/picnicelsavets.com\/es\/politica-de-privacitat\/","title":{"rendered":"Pol\u00edtica de Privacidad"},"content":{"rendered":"<p><strong>I. POL\u00cdTICA DE PRIVACIDAD Y PROTECCI\u00d3N DE DATOS<\/strong><\/p>\n<p>Respetando lo que se establece en la legislaci\u00f3n vigente, Zona de juegos, picnic y restaurante (en adelante, tambi\u00e9n Sitio web) se compromete a adoptar las medidas t\u00e9cnicas y organizativas necesarias, seg\u00fan el nivel de seguridad adecuado al riesgo de los datos recogidos .<\/p>\n<p><strong>Leyes que incorpora esta pol\u00edtica de privacidad<\/strong><br \/>\nEsta pol\u00edtica de privacidad est\u00e1 adaptada a la normativa espa\u00f1ola y europea vigente en materia de protecci\u00f3n de datos personales en internet. En concreto, la misma respeta las siguientes normas:<\/p>\n<ul>\n<li>El Reglamento (UE) 2016\/679 del Parlamento Europeo y del Consejo, de 27 de abril de 2016, relativo a la protecci\u00f3n de las personas f\u00edsicas en lo que se refiere al tratamiento de datos personales ya la libre circulaci\u00f3n de estos datos (RGPD) .<\/li>\n<li>La Ley org\u00e1nica 3\/2018, de 5 de diciembre, de Protecci\u00f3n de Datos Personales y garant\u00eda de los derechos digitales (LOPD-GDD).<\/li>\n<li>El Real decreto 1720\/2007, de 21 de diciembre, por el que se aprueba el Reglamento de desarrollo de la Ley org\u00e1nica 15\/1999, de 13 de diciembre, de protecci\u00f3n de datos de car\u00e1cter personal (RDLOPD).<\/li>\n<li>La Ley 34\/2002, de 11 de julio, de servicios de la Sociedad de la Informaci\u00f3n y de Comercio Electr\u00f3nico (LSSI-CE).<\/li>\n<\/ul>\n<p><strong>Identidad del responsable del tratamiento de los datos personales<\/strong><br \/>\nEl responsable del tratamiento de los datos personales recogidos en Zona de juegos, picnic y restaurante es: Marc Cors Finestres, con NIF: 40368155G (en adelante, Responsable del tratamiento). Sus datos de contacto son los siguientes:<br \/>\nDirecci\u00f3n: GIV-5512, 17421 Riudarenes, Girona<br \/>\nTel\u00e9fono de contacto: 660 111 811<br \/>\nEmail de contacto: picnicelsavets@gmail.com<\/p>\n<p><strong>Registro de Datos de Car\u00e1cter Personal<\/strong><br \/>\nEn cumplimiento de lo que se establece en el RGPD y la LOPD-GDD, le informamos que los datos personales recabados por Zona l\u00fadica, picnic y restaurante, mediante los formularios extendidos en sus p\u00e1ginas quedar\u00e1n incorporados y ser\u00e1n tratados en nuestro fichero con el fin de poder facilitar, agilizar y cumplir los compromisos establecidos entre Zona l\u00fadica, picnic y restaurante y el Usuario o el mantenimiento de la relaci\u00f3n que se establezca en los formularios que \u00e9ste cumplimente, o para atender una solicitud o consulta del mismo. Asimismo, de conformidad con lo que se prev\u00e9 en el RGPD y la LOPD-GDD, salvo que sea aplicable la excepci\u00f3n prevista en el art\u00edculo 30.5 del RGPD, se mantiene un registro de actividades de tratamiento que especifica, seg\u00fan las sus finalidades, las actividades de tratamiento llevadas a cabo y las dem\u00e1s circunstancias establecidas en el RGPD.<\/p>\n<p><strong>Principios aplicables en el tratamiento de los datos personales<\/strong><br \/>\nEl tratamiento de los datos personales del Usuario se someter\u00e1 a los siguientes principios recogidos en el art\u00edculo 5 del RGPD y en el art\u00edculo 4 y siguientes de la Ley org\u00e1nica 3\/2018, de 5 de diciembre, de Protecci\u00f3n de Datos Personales y garant\u00eda de los derechos digitales:<\/p>\n<ul>\n<li>Principio de licitud, lealtad y transparencia: se requerir\u00e1 en todo momento el consentimiento del Usuario previa informaci\u00f3n completamente transparente de los fines para los que se recojan los datos personales.<\/li>\n<li>Principio de limitaci\u00f3n de la finalidad: los datos personales ser\u00e1n recogidos con fines determinados, expl\u00edcitos y leg\u00edtimos.<\/li>\n<li>Principio de minimizaci\u00f3n de datos: los datos personales recogidos ser\u00e1n \u00fanicamente los estrictamente necesarios en relaci\u00f3n a los fines para los que son tratados.<\/li>\n<li>Principio de exactitud: los datos personales deben ser exactos y estar siempre actualizados.<\/li>\n<li>Principio de limitaci\u00f3n del plazo de conservaci\u00f3n: los datos personales s\u00f3lo ser\u00e1n mantenidos de forma que se permita la identificaci\u00f3n del Usuario durante el tiempo necesario para los fines de su tratamiento.<\/li>\n<li>Principio de integridad y confidencialidad: los datos personales ser\u00e1n tratados de forma que se garantice su seguridad y confidencialidad.<\/li>\n<li>Principio de responsabilidad proactiva: el responsable del tratamiento ser\u00e1 responsable de asegurar que los principios anteriores se cumplen.<\/li>\n<\/ul>\n<p><strong>Categor\u00edas de datos personales<\/strong><br \/>\nLas categor\u00edas de datos que se tratan en Zona de juegos, picnic y restaurante son \u00fanicamente datos identificativos. En ning\u00fan caso, se tratar\u00e1n categor\u00edas especiales de datos personales en el sentido del art\u00edculo 9 del RGPD.<\/p>\n<p><strong>Base legal para el tratamiento de los datos personales<\/strong><br \/>\nLa base legal para el tratamiento de datos personales es el consentimiento. Zona de juegos, picnic y restaurante se compromete a recabar el consentimiento expreso y verificable del Usuario para el tratamiento de sus datos personales para uno o varios fines espec\u00edficos.<br \/>\nEl Usuario tendr\u00e1 derecho a retirar su consentimiento en cualquier momento. Ser\u00e1 tan f\u00e1cil retirar el consentimiento como darlo. Como regla general, la retirada del consentimiento no condicionar\u00e1 el uso del sitio web.<br \/>\nEn las ocasiones en las que el Usuario deba o pueda facilitar sus datos a trav\u00e9s de formularios para realizar consultas, solicitar informaci\u00f3n o por motivos relacionados con el contenido del Sitio web, se le informar\u00e1 en caso de que la cumplimentaci\u00f3n de alguno de ellos sea obligatoria por el hecho de que los mismos sean imprescindibles para el correcto desarrollo de la operaci\u00f3n realizada.<\/p>\n<p><strong>Hasta el tratamiento al que se destinan los datos personales<\/strong><br \/>\nLos datos personales son recabados y gestionados por Zona l\u00fadica, picnic y restaurante con el fin de poder facilitar, agilizar y cumplir los compromisos establecidos entre el Sitio Web y el Usuario o el mantenimiento de la relaci\u00f3n que se establezca en los formularios que \u00e9ste \u00faltimo cumplimente o para atender una solicitud o consulta.<br \/>\nIgualmente, los datos podr\u00e1n ser utilizados con una finalidad comercial de personalizaci\u00f3n, operativa y estad\u00edstica, y actividades propias del objeto social de Zona l\u00fadica, picnic y restaurante, as\u00ed como para la extracci\u00f3n, almacenamiento de datos y estudios de marketing por a adecuar el Contenido ofrecido al Usuario, as\u00ed como mejorar la calidad, funcionamiento y navegaci\u00f3n por el Sitio Web.<br \/>\nEn el momento en que se obtengan los datos personales, se informar\u00e1 al Usuario sobre el fin o fines espec\u00edficos del tratamiento al que se destinar\u00e1n los datos personales; es decir, del uso o usos que se dar\u00e1 en la informaci\u00f3n recopilada.<\/p>\n<p><strong>Periodos de retenci\u00f3n de los datos personales<\/strong><br \/>\nLos datos personales s\u00f3lo ser\u00e1n retenidos durante el tiempo m\u00ednimo necesario para los fines de su tratamiento y, en cualquier caso, \u00fanicamente durante el siguiente plazo: 4 a\u00f1os, o hasta que el Usuario solicite su supresi\u00f3n.<br \/>\nEn el momento en que se obtengan los datos personales, se informar\u00e1 al Usuario sobre el plazo durante el cual se conservar\u00e1n los datos personales o, cuando esto no sea posible, los criterios utilizados para determinar dicho plazo.<\/p>\n<p><strong>Destinatarios de los datos personales<\/strong><br \/>\nLos datos personales del Usuario ser\u00e1n compartidos con los siguientes destinatarios o categor\u00edas de destinatarios:<br \/>\nMarco Corazones Ventanas<br \/>\nEn caso de que el Responsable del tratamiento tenga la intenci\u00f3n de transferir datos personales a un tercer pa\u00eds u organizaci\u00f3n internacional, en el momento en que se obtengan los datos personales, se informar\u00e1 al Usuario sobre el tercer pa\u00eds u organizaci\u00f3n internacional al que se tiene la intenci\u00f3n de transferir los datos, as\u00ed como de la existencia o ausencia de una decisi\u00f3n de adecuaci\u00f3n de la Comisi\u00f3n.<\/p>\n<p><strong>Datos personales de menores de edad<\/strong><br \/>\nRespetando lo que se establece en los art\u00edculos 8 del RGPD y 7 de la Ley org\u00e1nica 3\/2018, de 5 de diciembre, de Protecci\u00f3n de Datos Personales y garant\u00eda de los derechos digitales, s\u00f3lo los mayores de 14 a\u00f1os podr\u00e1n otorgar su consentimiento por al tratamiento de sus datos personales de forma l\u00edcita por Zona de juegos, picnic y restaurante. Si se trata de un menor de 14 a\u00f1os, ser\u00e1 necesario el consentimiento de los padres o tutores para el tratamiento, consider\u00e1ndose \u00e9ste solo l\u00edcito en la medida en que los mismos lo hayan autorizado.<\/p>\n<p><strong>Secreto y seguridad de los datos personales<\/strong><br \/>\nZona de juegos, picnic y restaurante se compromete a adoptar las medidas t\u00e9cnicas y organizativas necesarias, seg\u00fan el nivel de seguridad adecuado al riesgo de los datos recogidos, de forma que se garantice la seguridad de los datos de car\u00e1cter personal y se evite la destrucci\u00f3n, p\u00e9rdida o alteraci\u00f3n accidental o il\u00edcita de datos personales transmitidos, conservados o tratados de otra forma, o la comunicaci\u00f3n o acceso no autorizados a estos datos.<br \/>\nSin embargo, debido a que Zona l\u00fadica, picnic y restaurante no puede garantizar la inexpugnabilidad de internet ni la ausencia total de hackers u otros que accedan de modo fraudulento a los datos personales, el Responsable del tratamiento se compromete a comunicar al &#039;Usuario sin dilaci\u00f3n indebida cuando ocurra una violaci\u00f3n de la seguridad de los datos personales que sea probable que comporte un alto riesgo para los derechos y libertades de las personas f\u00edsicas. Siguiendo lo que se establece en el art\u00edculo 4 del RGPD, se entiende por violaci\u00f3n de la seguridad de los datos personales toda violaci\u00f3n de la seguridad que ocasione la destrucci\u00f3n, p\u00e9rdida o alteraci\u00f3n accidental o il\u00edcita de datos personales transmitidos, conservados o tratados de otra forma, o la comunicaci\u00f3n o acceso no autorizados a estos datos.<br \/>\nLos datos personales ser\u00e1n tratados como confidenciales por el Responsable del tratamiento, quien se compromete a informar de y garantizar mediante una obligaci\u00f3n legal o contractual que esta confidencialidad sea respetada por sus empleados, asociados, y toda persona a la que le haga accesible la informaci\u00f3n.<\/p>\n<p><strong>Derechos derivados del tratamiento de los datos personales<\/strong><br \/>\nEl Usuario tiene sobre Zona l\u00fadica, picnic y restaurante y podr\u00e1, por tanto, ejercer frente al Responsable del tratamiento los siguientes derechos reconocidos en el RGPD y la Ley org\u00e1nica 3\/2018, de 5 de diciembre, de Protecci\u00f3n de Datos Personales y garant\u00eda de los derechos digitales:<\/p>\n<ul>\n<li>Derecho de acceso: Es el derecho del Usuario a obtener confirmaci\u00f3n de si Zona l\u00fadica, picnic y restaurante est\u00e1 tratando o no sus datos personales y, en caso afirmativo, obtener informaci\u00f3n sobre sus datos concretos de car\u00e1cter personal y del tratamiento que Zona l\u00fadica, picnic y restaurante haya realizado o realice, as\u00ed como, entre otra, de la informaci\u00f3n disponible sobre el origen de estos datos y los destinatarios de las comunicaciones realizadas o previstas de \u00e9stos.<\/li>\n<li>Derecho de rectificaci\u00f3n: Es el derecho del Usuario a que se modifiquen sus datos personales que resulten ser inexactos o, teniendo en cuenta los fines del tratamiento, incompletos.<\/li>\n<li>Derecho de supresi\u00f3n (\u201cel derecho al olvido\u201d): Es el derecho del Usuario, siempre que la legislaci\u00f3n vigente no establezca lo contrario, a obtener la supresi\u00f3n de sus datos personales cuando \u00e9stos ya no sean necesarios para los fines para los que fueron recogidos o tratados; el Usuario haya retirado su consentimiento al tratamiento y \u00e9ste no cuente con otra base legal; el Usuario se oponga al tratamiento y no exista otro motivo leg\u00edtimo para continuar con \u00e9ste; los datos personales hayan sido tratados il\u00edcitamente; los datos personales deban suprimirse en cumplimiento de una obligaci\u00f3n legal; o los datos personales hayan sido obtenidos producto de una oferta directa de servicios de la sociedad de la informaci\u00f3n a un menor de 14 a\u00f1os. Adem\u00e1s de suprimir los datos, el Responsable del tratamiento, teniendo en cuenta la tecnolog\u00eda disponible y el coste de su aplicaci\u00f3n, deber\u00e1 adoptar medidas razonables para informar a los responsables de que est\u00e9n tratando los datos personales de la solicitud de interesado de supresi\u00f3n de cualquier enlace a estos datos personales.<\/li>\n<li>Derecho a la limitaci\u00f3n del tratamiento: Es el derecho del Usuario a limitar el tratamiento de sus datos personales. El Usuario tiene derecho a obtener la limitaci\u00f3n del tratamiento cuando impugne la exactitud de sus datos personales; el tratamiento sea il\u00edcito; el Responsable del tratamiento ya no necesite los datos personales, pero el Usuario lo necesite para realizar reclamaciones; y cuando el Usuario se haya opuesto al tratamiento.<\/li>\n<li>Derecho a la portabilidad de los datos: En caso de que el tratamiento se efect\u00fae por medios automatizados, el Usuario tendr\u00e1 derecho a recibir del Responsable del tratamiento sus datos personales en un formato estructurado, de uso com\u00fan y lectura mec\u00e1nica, ya transmitir a otro responsable del tratamiento. Siempre que sea t\u00e9cnicamente posible, el Responsable del tratamiento transmitir\u00e1 directamente los datos a ese otro responsable.<\/li>\n<li>Derecho de oposici\u00f3n: Es el derecho del Usuario a que no se lleve a cabo el tratamiento de sus datos de car\u00e1cter personal o se cese el tratamiento de los mismos por parte de Zona de juegos, picnic y restaurante.<\/li>\n<li>Derecho a no ser objeto de una decisi\u00f3n basada \u00fanicamente en el tratamiento automatizado, incluida la elaboraci\u00f3n de perfiles: Es el derecho del Usuario a no ser objeto de una decisi\u00f3n individualizada basada \u00fanicamente en el tratamiento automatizado de sus datos personales , incluida la elaboraci\u00f3n de perfiles, existente salvo que la legislaci\u00f3n vigente establezca lo contrario.<\/li>\n<\/ul>\n<p>As\u00ed pues, el Usuario podr\u00e1 ejercitar sus derechos mediante comunicaci\u00f3n escrita dirigida al Responsable del tratamiento con la referencia \u201cRGPD-https:\/\/picnicelsavets.com\/\u201d, especificando:<\/p>\n<ul>\n<li>Nombre, apellidos del Usuario y copia del DNI. En los casos en que se admita la representaci\u00f3n, ser\u00e1 tambi\u00e9n necesaria la identificaci\u00f3n por el mismo medio de la persona que representa al Usuario, as\u00ed como el documento acreditativo de la representaci\u00f3n. La fotocopia del DNI podr\u00e1 ser sustituida, por cualquier otro medio v\u00e1lido en derecho que acredite su identidad.<\/li>\n<li>Petici\u00f3n con los motivos espec\u00edficos de la solicitud o informaci\u00f3n a la que se desea acceder.<\/li>\n<li>Domicilio a efectos de notificaciones.<\/li>\n<li>Fecha y firma del solicitante.<\/li>\n<li>Todo documento que acredite la petici\u00f3n que formula.<\/li>\n<\/ul>\n<p>Esta solicitud y todo otro documento adjunto podr\u00e1 enviarse a la siguiente direcci\u00f3n y\/o correo electr\u00f3nico:<br \/>\nDirecci\u00f3n postal: GIV-5512, 17421 Riudarenes, Girona<br \/>\nCorreo electr\u00f3nico: picnicelsavets@gmail.com<\/p>\n<p><strong>Enlaces a sitios web de terceros<\/strong><br \/>\nEl Sitio web puede incluir enlaces o enlaces que permiten acceder a p\u00e1ginas web de terceros distintos de Zona l\u00fadica, picnic y restaurante, y que por tanto no son operados por Zona l\u00fadica, picnic y restaurante. Los titulares de estos sitios web dispondr\u00e1n de sus propias pol\u00edticas de protecci\u00f3n de datos, siendo ellos mismos, en cada caso, responsables de sus propios archivos y de sus propias pr\u00e1cticas de privacidad.<\/p>\n<p><strong>Reclamaciones ante la autoridad de control<\/strong><br \/>\nEn caso de que el Usuario considere que existe un problema o infracci\u00f3n de la normativa vigente en la forma en que se est\u00e1n tratando sus datos personales, tendr\u00e1 derecho a la tutela judicial efectiva ya presentar una reclamaci\u00f3n ante una autoridad de control, particular, en el Estado en el que tenga su residencia habitual, puesto de trabajo o puesto de la supuesta infracci\u00f3n. En el caso de Espa\u00f1a, la autoridad de control es la Agencia Espa\u00f1ola de Protecci\u00f3n de Datos (https:\/\/www.aepd.es\/).<\/p>\n<p><strong>II. ACEPTACI\u00d3N Y CAMBIOS EN ESTA POL\u00cdTICA DE PRIVACIDAD<\/strong><\/p>\n<p>Es necesario que el Usuario haya le\u00eddo y est\u00e9 conforme con las condiciones sobre la protecci\u00f3n de datos de car\u00e1cter personal contenidas en esta Pol\u00edtica de Privacidad, as\u00ed como que acepte el tratamiento de sus datos personales para que el Responsable del tratamiento pueda proceder al mismo en la forma, durante los plazos y para las finalidades indicadas. El uso del Sitio Web implicar\u00e1 la aceptaci\u00f3n de la Pol\u00edtica de Privacidad del mismo.<br \/>\nZona de juegos, picnic y restaurante se reserva el derecho a modificar su Pol\u00edtica de Privacidad, de acuerdo con su propio criterio, o motivado por un cambio legislativo, jurisprudencial o doctrinal de la Agencia Espa\u00f1ola de Protecci\u00f3n de Datos. actualizaciones de esta Pol\u00edtica de Privacidad no ser\u00e1n notificados de forma expl\u00edcita al Usuario Se recomienda al Usuario consultar esta p\u00e1gina de forma peri\u00f3dica por a estar al corriente de los \u00faltimos cambios o actualizaciones.<br \/>\nEsta Pol\u00edtica de Privacidad fue actualizada para adaptarse al Reglamento (UE) 2016\/679 del Parlamento Europeo y del Consejo, de 27 de abril de 2016, relativo a la protecci\u00f3n de las personas f\u00edsicas en lo que se refiere al tratamiento de datos personales ya la libre circulaci\u00f3n de estos datos (RGPD) ya la Ley org\u00e1nica 3\/2018, de 5 de diciembre, de Protecci\u00f3n de Datos Personales y garant\u00eda de los derechos digitales.<\/p>\n<div style=\"margin-bottom: 100px;\"><\/div>","protected":false},"excerpt":{"rendered":"<p>I. POL\u00cdTICA DE PRIVACITAT I PROTECCI\u00d3 DE DADES Respectant el que s&#8217;estableix en la legislaci\u00f3 vigent, Zona l\u00fadica, p\u00edcnic i restaurant (d&#8217;ara endavant, tamb\u00e9 Lloc web) es compromet a adoptar les mesures t\u00e8cniques i organitzatives necess\u00e0ries, segons el nivell de seguretat adequat al risc de&#8230;<\/p>","protected":false},"author":1,"featured_media":0,"parent":0,"menu_order":0,"comment_status":"closed","ping_status":"closed","template":"","meta":{"footnotes":""},"class_list":["post-1175","page","type-page","status-publish","hentry"],"_links":{"self":[{"href":"https:\/\/picnicelsavets.com\/es\/wp-json\/wp\/v2\/pages\/1175","targetHints":{"allow":["GET"]}}],"collection":[{"href":"https:\/\/picnicelsavets.com\/es\/wp-json\/wp\/v2\/pages"}],"about":[{"href":"https:\/\/picnicelsavets.com\/es\/wp-json\/wp\/v2\/types\/page"}],"author":[{"embeddable":true,"href":"https:\/\/picnicelsavets.com\/es\/wp-json\/wp\/v2\/users\/1"}],"replies":[{"embeddable":true,"href":"https:\/\/picnicelsavets.com\/es\/wp-json\/wp\/v2\/comments?post=1175"}],"version-history":[{"count":5,"href":"https:\/\/picnicelsavets.com\/es\/wp-json\/wp\/v2\/pages\/1175\/revisions"}],"predecessor-version":[{"id":1188,"href":"https:\/\/picnicelsavets.com\/es\/wp-json\/wp\/v2\/pages\/1175\/revisions\/1188"}],"wp:attachment":[{"href":"https:\/\/picnicelsavets.com\/es\/wp-json\/wp\/v2\/media?parent=1175"}],"curies":[{"name":"wp","href":"https:\/\/api.w.org\/{rel}","templated":true}]}}