{"id":1171,"date":"2025-01-23T15:21:00","date_gmt":"2025-01-23T15:21:00","guid":{"rendered":"https:\/\/picnicelsavets.com\/?page_id=1171"},"modified":"2025-01-24T07:28:31","modified_gmt":"2025-01-24T07:28:31","slug":"legal","status":"publish","type":"page","link":"https:\/\/picnicelsavets.com\/es\/legal\/","title":{"rendered":"Legal"},"content":{"rendered":"<p><strong>I. INFORMACI\u00d3N GENERAL<\/strong><br \/>\nEn cumplimiento con el deber de informaci\u00f3n dispuesto en la Ley 34\/2002 de Servicios de la Sociedad de la Informaci\u00f3n y el Comercio Electr\u00f3nico (LSSI-CE) de 11 de julio, se facilitan a continuaci\u00f3n los datos de informaci\u00f3n general de este sitio web:<\/p>\n<p>La titularidad de este sitio web, <a>https:\/\/picnicelsavets.com\/<\/a>, (en adelante, Sitio Web) es de Marc Cors Finestres, con NIF: 40368155G, y sus datos de contacto son:<\/p>\n<p>Direcci\u00f3n: GIV-5512, 17421 Riudarenes, Girona<\/p>\n<p>Tel\u00e9fono de contacto: 660 111 811<\/p>\n<p>Correo electr\u00f3nico de contacto: <a>picnicelsavets@gmail.com<\/a><\/p>\n<p><strong>II. T\u00c9RMINOS Y CONDICIONES GENERALES DE USO<\/strong><\/p>\n<p>El objeto de las condiciones: El Sitio Web<\/p>\n<p>El objeto de las presentes Condiciones Generales de USO (en adelante, Condiciones) es regular el acceso y uso del Sitio Web. A efectos de las presentes Condiciones se entender\u00e1 como Sitio Web: la apariencia externa de las interfaces de pantalla, tanto de forma est\u00e1tica como din\u00e1mica, es decir, el \u00e1rbol de navegaci\u00f3n; y todos los elementos integrados tanto en las interfaces de pantalla como en el \u00e1rbol de navegaci\u00f3n (en adelante, Contenidos) y todos aquellos servicios o recursos online que, en su caso, ofrezca a los Usuarios (en adelante, Servicios).<\/p>\n<p>Zona l\u00fadica, picnic y restaurante se reserva la facultad de modificar, en cualquier momento, y sin previo aviso, la presentaci\u00f3n y configuraci\u00f3n del Sitio Web y de los Contenidos y Servicios que pudieran estar incorporados. El Usuario reconoce y acepta que en cualquier momento Zona l\u00fadica, picnic y restaurante pueda interrumpir, desactivar y\/o cancelar cualquiera de estos elementos que se integran en el Sitio Web o el acceso a los mismos.<\/p>\n<p>El acceso al Sitio Web por parte del Usuario tiene car\u00e1cter libre y, por regla general, es gratuito sin que el Usuario deba proporcionar una contraprestaci\u00f3n para poder disfrutar de ello, salvo en lo que se refiere al coste de conexi\u00f3n a trav\u00e9s de la red de telecomunicaciones suministrada por el proveedor de acceso que haya contratado el Usuario.<\/p>\n<p>El uso de algunos de los Contenidos o Servicios del Sitio Web podr\u00e1 realizarse mediante la suscripci\u00f3n o registro previo del Usuario.<\/p>\n<p>El Usuario<\/p>\n<p>El acceso, la navegaci\u00f3n y uso del Sitio Web, as\u00ed como por los espacios habilitados para interactuar entre los Usuarios, y el Usuario y Zona l\u00fadica, picnic y restaurante, como los comentarios y\/o espacios de blogging, confiere la condici\u00f3n de Usuario, por lo que se aceptan, desde que se inicia la navegaci\u00f3n por el Sitio Web, todas las Condiciones aqu\u00ed establecidas, as\u00ed como sus posteriores modificaciones, sin perjuicio de la aplicaci\u00f3n de la normativa legal correspondiente de obligado cumplimiento seg\u00fan el caso. Dada la relevancia de ello, se recomienda al Usuario leerlas cada vez que visite el Sitio Web.<\/p>\n<p>El Sitio Web de Zona l\u00fadica, picnic y restaurante proporciona una gran diversidad de informaci\u00f3n, servicios y datos. El Usuario asume su responsabilidad por hacer un uso correcto del Sitio Web. Esta responsabilidad se extender\u00e1 a:<\/p>\n<p>Un uso de la informaci\u00f3n, Contenidos y\/o Servicios y datos ofrecidos por Zona l\u00fadica, picnic y restaurante sin que sea contrario a lo dispuesto en las presentes Condiciones, la Ley, la moral o el orden p\u00fablico, o que de otra forma puedan suponer una lesi\u00f3n de los derechos de terceros o del propio funcionamiento del Sitio Web.<\/p>\n<p>La veracidad y licitud de las informaciones aportadas por el Usuario a los formularios extendido por Zona l\u00fadica, picnic y restaurante para el acceso a ciertos Contenidos o Servicios ofrecidos por el Sitio Web. En cualquier caso, el Usuario notificar\u00e1 de forma inmediata a Zona l\u00fadica, picnic y restaurante sobre cualquier hecho que permita el uso indebido de la informaci\u00f3n registrada en estos formularios, tales como, pero no \u00fanicamente, el robo, extrav\u00edo o el acceso no autorizado a identificadores y\/o contrase\u00f1as, con el fin de proceder a su inmediata cancelaci\u00f3n.<\/p>\n<p>Zona l\u00fadica, picnic y restaurante se reserva el derecho de retirar todos aquellos comentarios y aportaciones que vulneren la ley, el respeto a la dignidad de la persona, que sean discriminatorios, xen\u00f3fobos, racistas, pornogr\u00e1ficos, spamming, que atenten contra la juventud o la infancia, orden o seguridad p\u00fablica o que, a su juicio, no resulten adecuados para su publicaci\u00f3n.<\/p>\n<p>En cualquier caso, Zona l\u00fadica, picnic y restaurante no ser\u00e1 responsable de las opiniones expresadas por los Usuarios a trav\u00e9s de comentarios u otras herramientas de blogging o de participaci\u00f3n que pueda haber.<\/p>\n<p>El mero acceso a este Sitio Web no supone entablar ning\u00fan tipo de relaci\u00f3n de car\u00e1cter comercial entre Zona l\u00fadica, picnic y restaurante y el Usuario.<\/p>\n<p>El Usuario declara ser mayor de edad y disponer de la capacidad jur\u00eddica suficiente para vincularse por las presentes Condiciones. Por tanto, este Sitio Web de Zona l\u00fadica, picnic y restaurante no se dirige a menores de edad. Zona l\u00fadica, picnic y restaurante declina cualquier responsabilidad por el incumplimiento de este requisito.<\/p>\n<p>El Sitio Web est\u00e1 dirigido principalmente a Usuarios residentes en Marc Cors Finestres. Zona l\u00fadica, picnic y restaurante no asegura que el Sitio Web cumpla con legislaciones de otros pa\u00edses, ya sea total o parcialmente. Si el Usuario reside o tiene su domiciliado en otro sitio y decide acceder y\/o navegar por el Sitio Web lo har\u00e1 bajo su propia responsabilidad, deber\u00e1 asegurarse de que este acceso y navegaci\u00f3n cumple con la legislaci\u00f3n local que le es aplicable, no asumiendo Zona l\u00fadica, picnic y restaurante ninguna responsabilidad que pueda derivarse de este acceso.<\/p>\n<p><strong>III. ACCESO Y NAVEGACI\u00d3N AL SITIO WEB: EXCLUSI\u00d3N DE GARANT\u00cdAS Y RESPONSABILIDAD<\/strong><\/p>\n<p>Zona l\u00fadica, picnic y restaurante no garantiza la continuidad, disponibilidad y utilidad del Sitio Web, ni de los Contenidos o Servicios. Zona l\u00fadica, picnic y restaurante har\u00e1 todo lo posible por el buen funcionamiento del Sitio Web, sin embargo, no se responsabiliza ni garantiza que el acceso a este Sitio Web no vaya a ser ininterrumpido o est\u00e9 libre de error.<\/p>\n<p>Tampoco se responsabiliza o garantiza que el contenido o software al que pueda accederse a trav\u00e9s de este Sitio Web, est\u00e9 libre de error o cause un da\u00f1o al sistema inform\u00e1tico (software y hardware) del Usuario. En ning\u00fan caso Zona l\u00fadica, picnic y restaurante ser\u00e1 responsable por las p\u00e9rdidas, da\u00f1os o perjuicios de cualquier tipo que surjan por el acceso, navegaci\u00f3n y uso del Sitio Web, incluy\u00e9ndose, pero no limit\u00e1ndose, a los ocasionados a los sistemas inform\u00e1ticos o los provocados por la introducci\u00f3n de virus.<\/p>\n<p>Zona l\u00fadica, picnic y restaurante tampoco se hace responsable de los da\u00f1os que pudieran ocasionarse a los usuarios por un uso inadecuado de este Sitio Web. En particular, no se hace responsable en ning\u00fan caso de las ca\u00eddas, interrupciones, carencia o defecto de las telecomunicaciones que pudieran ocurrir.<\/p>\n<p><strong>IV. POL\u00cdTICA DE ENLACES<\/strong><\/p>\n<p>Se comunica que el Sitio Web de Zona l\u00fadica, picnic y restaurante pone o puede poner a disposici\u00f3n de los Usuarios medios de enlace (como, entre otros, links, banners, botones), directorios y motores de b\u00fasqueda que permiten a los Usuarios acceder a sitios web pertenecientes y\/o gestionados por terceros.<\/p>\n<p>La instalaci\u00f3n de estos enlaces, directorios y motores de b\u00fasqueda en el Sitio Web tiene por objeto facilitar a los Usuarios la b\u00fasqueda y acceso a la informaci\u00f3n disponible en Internet, sin que pueda considerarse una sugerencia, recomendaci\u00f3n o invitaci\u00f3n para la visita de los mismos.<\/p>\n<p>Zona l\u00fadica, picnic y restaurante no ofrece ni comercializa por s\u00ed ni por medio de terceros los productos y\/o servicios disponibles en estos sitios enlazados.<\/p>\n<p>Asimismo, tampoco garantizar\u00e1 la disponibilidad t\u00e9cnica, exactitud, veracidad, validez o legalidad de sitios ajenos a su propiedad a los que se pueda acceder por medio de los enlaces.<\/p>\n<p>Zona l\u00fadica, picnic y restaurante en ning\u00fan caso revisar\u00e1 o controlar\u00e1 el contenido de otros sitios web, as\u00ed como tampoco aprueba, examina ni hace propios los productos y servicios, contenidos, archivos y cualquier otro material existente en los referidos sitios enlazados.<\/p>\n<p>Zona l\u00fadica, picnic y restaurante no asume ninguna responsabilidad por los da\u00f1os y perjuicios que pudieran producirse por el acceso, uso, calidad o licitud de los contenidos, comunicaciones, opiniones, productos y servicios de los sitios web no gestionados por Zona l\u00fadica, picnic y restaurante y que est\u00e9n enlazados en este Sitio Web.<\/p>\n<p>El Usuario o tercero que realice un hiperenlace desde una p\u00e1gina web de otro, diferente, sitio web en el Sitio Web de Zona l\u00fadica, picnic y restaurante deber\u00e1 saber que:<\/p>\n<p>No se permite la reproducci\u00f3n -total o parcialmente- de ninguno de los Contenidos y\/o Servicios del Sitio Web sin autorizaci\u00f3n expresa de Zona l\u00fadica, picnic y restaurante.<\/p>\n<p>Tampoco se permite ninguna manifestaci\u00f3n falsa, inexacta o incorrecta sobre el Sitio Web de Zona l\u00fadica, picnic y restaurante, ni sobre los Contenidos y\/o Servicios del mismo.<\/p>\n<p>A excepci\u00f3n del hiperenlace, el sitio web en el que se establezca este hiperenlace no contendr\u00e1 ning\u00fan elemento, de este Sitio Web, protegido como propiedad intelectual por el ordenamiento jur\u00eddico espa\u00f1ol, salvo autorizaci\u00f3n expresa de Zona l\u00fadica, picnic y restaurante.<\/p>\n<p>El establecimiento del hiperenlace no implicar\u00e1 la existencia de relaciones entre Zona l\u00fadica, picnic y restaurante y el titular del sitio web desde el que se realice, ni el conocimiento y aceptaci\u00f3n de Zona l\u00fadica, picnic y restaurante de los contenidos, servicios y \/o actividades ofrecidas en este sitio web, y viceversa.<\/p>\n<p><strong>V. PROPIEDAD INTELECTUAL E INDUSTRIAL<\/strong><\/p>\n<p>Zona l\u00fadica, picnic y restaurante por s\u00ed o como parte cesionaria, es titular de todos los derechos de propiedad intelectual e industrial del Sitio web, as\u00ed como de los elementos contenidos en el mismo (a t\u00edtulo enunciativo y no exhaustivo, im\u00e1genes, sonido , audio, v\u00eddeo, software o textos, marcas o logotipos, combinaciones de colores, estructura y dise\u00f1o, selecci\u00f3n de materiales usados, programas de ordenador necesarios para su funcionamiento, acceso y uso, etc.). Ser\u00e1n, por consiguiente, obras protegidas como propiedad intelectual por el ordenamiento jur\u00eddico espa\u00f1ol, si\u00e9ndoles aplicables tanto la normativa espa\u00f1ola y comunitaria en este campo, como los tratados internacionales relativos a la materia y suscritos por Espa\u00f1a.<br \/>\nTodos los derechos reservados. En virtud de lo dispuesto en la Ley de Propiedad Intelectual, quedan expresamente prohibidas la reproducci\u00f3n, distribuci\u00f3n y comunicaci\u00f3n p\u00fablica, incluida su modalidad de puesta a disposici\u00f3n, de la totalidad o parte de los contenidos de esta p\u00e1gina web, con fines comerciales, en cualquier soporte y por cualquier medio t\u00e9cnico, sin la autorizaci\u00f3n de Zona l\u00fadica, picnic y restaurante.<br \/>\nEl Usuario se compromete a respetar los derechos de propiedad intelectual e industrial de Zona de juegos, picnic y restaurante. Podr\u00e1 visualizar los elementos del Sitio Web o incluso imprimirlos, copiarlos y almacenarlos en el disco duro de su ordenador o en cualquier otro soporte f\u00edsico siempre que sea, exclusivamente, para su uso personal. El Usuario, sin embargo, no podr\u00e1 suprimir, alterar, o manipular cualquier dispositivo de protecci\u00f3n o sistema de seguridad que estuviera instalado en el Sitio Web.<br \/>\nEn caso de que el Usuario o tercero considere que cualquiera de los Contenidos del Sitio Web suponga una violaci\u00f3n de los derechos de protecci\u00f3n de la propiedad intelectual, deber\u00e1 comunicarlo inmediatamente a Zona de juegos, picnic y restaurante a trav\u00e9s de los datos de contacto del apartado de INFORMACI\u00d3N GENERAL de este Aviso Legal y Condiciones Generales de Uso.<\/p>\n<p><strong>VI. ACCIONES LEGALES, LEGISLACI\u00d3N APLICABLE Y JURISDICCI\u00d3N<\/strong><\/p>\n<p>Zona de juegos, picnic y restaurante se reserva la facultad de presentar las acciones civiles o penales que considere necesarias por la utilizaci\u00f3n indebida del Sitio Web y Contenidos, o por el incumplimiento de las presentes Condiciones.<br \/>\nLa relaci\u00f3n entre el Usuario y Zona de juegos, picnic y restaurante se regir\u00e1 por la normativa vigente y de aplicaci\u00f3n en territorio espa\u00f1ol. De surgir cualquier controversia en relaci\u00f3n con la interpretaci\u00f3n y\/oa la aplicaci\u00f3n de estas Condiciones, las partes someter\u00e1n sus conflictos a la jurisdicci\u00f3n ordinaria someti\u00e9ndose a los jueces y tribunales que correspondan conforme a derecho.<\/p>\n<div style=\"margin-bottom: 100px;\"><\/div>","protected":false},"excerpt":{"rendered":"<p>I. INFORMACI\u00d3 GENERAL En compliment amb el deure d\u2019informaci\u00f3 disposat a la Llei 34\/2002 de Serveis de la Societat de la Informaci\u00f3 i el Comer\u00e7 Electr\u00f2nic (LSSI-CE) d\u201911 de juliol, es faciliten a continuaci\u00f3 les dades d\u2019informaci\u00f3 general d\u2019aquest lloc web: La titularitat d\u2019aquest lloc&#8230;<\/p>","protected":false},"author":1,"featured_media":0,"parent":0,"menu_order":0,"comment_status":"closed","ping_status":"closed","template":"","meta":{"footnotes":""},"class_list":["post-1171","page","type-page","status-publish","hentry"],"_links":{"self":[{"href":"https:\/\/picnicelsavets.com\/es\/wp-json\/wp\/v2\/pages\/1171","targetHints":{"allow":["GET"]}}],"collection":[{"href":"https:\/\/picnicelsavets.com\/es\/wp-json\/wp\/v2\/pages"}],"about":[{"href":"https:\/\/picnicelsavets.com\/es\/wp-json\/wp\/v2\/types\/page"}],"author":[{"embeddable":true,"href":"https:\/\/picnicelsavets.com\/es\/wp-json\/wp\/v2\/users\/1"}],"replies":[{"embeddable":true,"href":"https:\/\/picnicelsavets.com\/es\/wp-json\/wp\/v2\/comments?post=1171"}],"version-history":[{"count":7,"href":"https:\/\/picnicelsavets.com\/es\/wp-json\/wp\/v2\/pages\/1171\/revisions"}],"predecessor-version":[{"id":1186,"href":"https:\/\/picnicelsavets.com\/es\/wp-json\/wp\/v2\/pages\/1171\/revisions\/1186"}],"wp:attachment":[{"href":"https:\/\/picnicelsavets.com\/es\/wp-json\/wp\/v2\/media?parent=1171"}],"curies":[{"name":"wp","href":"https:\/\/api.w.org\/{rel}","templated":true}]}}