{"id":407,"date":"2017-06-06T23:46:11","date_gmt":"2017-06-06T23:46:11","guid":{"rendered":"http:\/\/picnicelsavets.com\/?page_id=407"},"modified":"2025-02-20T13:06:15","modified_gmt":"2025-02-20T13:06:15","slug":"galeria","status":"publish","type":"page","link":"https:\/\/picnicelsavets.com\/en\/galeria\/","title":{"rendered":"Gallery"},"content":{"rendered":"<div class=\"wpb-content-wrapper\"><div class=\"vc_row wpb_row section vc_row-fluid  vc_custom_1496877692584 grid_section\" style=' text-align:left;'><div class=\"section_inner clearfix\"><div class='section_inner_margin clearfix'><div class=\"wpb_column vc_column_container vc_col-sm-8\"><div class=\"vc_column-inner\"><div class=\"wpb_wrapper\"><div class=\"separator  transparent\" style=\"margin-top: 7px;margin-bottom: 0px;\"><\/div>\n\n\t<div class=\"wpb_text_column wpb_content_element\">\n\t\t<div class=\"wpb_wrapper\">\n\t\t\t<h2 style=\"text-align: center;\">THE PHOTOGRAPHY<\/h2>\n\n\t\t<\/div> \n\t<\/div> <div class=\"separator  small center\" style=\"\"><\/div>\n\n\t<div class=\"wpb_text_column wpb_content_element\">\n\t\t<div class=\"wpb_wrapper\">\n\t\t\t<h4 style=\"text-align: center;\">A picture is worth a thousand words, but one of our specialties at the Els Avets restaurant will surely blow your mind!<\/h4>\n\n\t\t<\/div> \n\t<\/div> <div class=\"separator  transparent\" style=\"margin-top: 21px;margin-bottom: 0px;\"><\/div>\n\n\t<div class=\"wpb_text_column wpb_content_element\">\n\t\t<div class=\"wpb_wrapper\">\n\t\t\t<p style=\"text-align: center;\">Let yourself be carried away by our environment, our land and pure oxygen. If you like photography, you will discover never-before-seen corners inside and outside the grounds that will allow you to take the most impressive photographs. Tag us on Instagram at @picnicelsavets or add the hashtag #picnicelsavets to your photo and we&#039;ll share it with all our followers!<\/p>\n\n\t\t<\/div> \n\t<\/div> <\/div><\/div><\/div><div class=\"wpb_column vc_column_container vc_col-sm-4\"><div class=\"vc_column-inner\"><div class=\"wpb_wrapper\"><div class=\"separator  transparent\" style=\"margin-top: 7px;margin-bottom: 0px;\"><\/div>\n\n\t<div class=\"wpb_single_image wpb_content_element vc_align_center\">\n\t\t<div class=\"wpb_wrapper\">\n\t\t\t\n\t\t\t<div class=\"vc_single_image-wrapper   vc_box_border_grey\"><img loading=\"lazy\" decoding=\"async\" width=\"640\" height=\"480\" src=\"https:\/\/picnicelsavets.com\/wp-content\/uploads\/2017\/06\/PicnicElsAvets-Galeria.jpg\" class=\"vc_single_image-img attachment-full\" alt=\"\" title=\"PicnicElsAvets-Gallery\" srcset=\"https:\/\/picnicelsavets.com\/wp-content\/uploads\/2017\/06\/PicnicElsAvets-Galeria.jpg 640w, https:\/\/picnicelsavets.com\/wp-content\/uploads\/2017\/06\/PicnicElsAvets-Galeria-300x225.jpg 300w\" sizes=\"auto, (max-width: 640px) 100vw, 640px\" \/><\/div>\n\t\t<\/div>\n\t<\/div>\n<div class=\"separator  transparent\" style=\"margin-top: 7px;margin-bottom: 0px;\"><\/div>\n<\/div><\/div><\/div><\/div><\/div><\/div><div      class=\"vc_row wpb_row section vc_row-fluid\" style=' text-align:left;'><div class=\"full_section_inner clearfix\"><div class=\"wpb_column vc_column_container vc_col-sm-12\"><div class=\"vc_column-inner\"><div class=\"wpb_wrapper\"><div class=\"wpb_gallery wpb_content_element vc_clearfix\"><div class=\"wpb_wrapper\"><div class=\"wpb_gallery_slides wpb_image_grid\" data-interval=\"3\"><div class=\"gallery_holder\"><ul class=\"gallery_inner gallery_without_space  v4\"><li class=\"no_grayscale\"><a itemprop=\"image\" class=\"qode-prettyphoto\" href=\"https:\/\/picnicelsavets.com\/wp-content\/uploads\/2017\/06\/C-1024x768.jpg\" data-rel=\"prettyPhoto[rel-407-1456981129]\"><span class=\"gallery_hover\"><i class=\"fa fa-search\"><\/i><\/span><img decoding=\"async\" class=\"\" src=\"https:\/\/picnicelsavets.com\/wp-content\/uploads\/2017\/06\/C-480x327.jpg\" width=\"480\" height=\"327\" alt=\"C\" title=\"c\" loading=\"lazy\" \/><\/a><\/li><li class=\"no_grayscale\"><a itemprop=\"image\" class=\"qode-prettyphoto\" href=\"https:\/\/picnicelsavets.com\/wp-content\/uploads\/2017\/06\/D-1024x768.jpg\" data-rel=\"prettyPhoto[rel-407-1456981129]\"><span class=\"gallery_hover\"><i class=\"fa fa-search\"><\/i><\/span><img decoding=\"async\" class=\"\" src=\"https:\/\/picnicelsavets.com\/wp-content\/uploads\/2017\/06\/D-480x327.jpg\" width=\"480\" height=\"327\" alt=\"D\" title=\"d\" loading=\"lazy\" \/><\/a><\/li><li class=\"no_grayscale\"><a itemprop=\"image\" class=\"qode-prettyphoto\" href=\"https:\/\/picnicelsavets.com\/wp-content\/uploads\/2017\/06\/E-1024x768.jpg\" data-rel=\"prettyPhoto[rel-407-1456981129]\"><span class=\"gallery_hover\"><i class=\"fa fa-search\"><\/i><\/span><img decoding=\"async\" class=\"\" src=\"https:\/\/picnicelsavets.com\/wp-content\/uploads\/2017\/06\/E-480x327.jpg\" width=\"480\" height=\"327\" alt=\"E\" title=\"E\" loading=\"lazy\" \/><\/a><\/li><li class=\"no_grayscale\"><a itemprop=\"image\" class=\"qode-prettyphoto\" href=\"https:\/\/picnicelsavets.com\/wp-content\/uploads\/2017\/06\/PicnicMargarites.jpg\" data-rel=\"prettyPhoto[rel-407-1456981129]\"><span class=\"gallery_hover\"><i class=\"fa fa-search\"><\/i><\/span><img decoding=\"async\" class=\"\" src=\"https:\/\/picnicelsavets.com\/wp-content\/uploads\/2017\/06\/PicnicMargarites-480x327.jpg\" width=\"480\" height=\"327\" alt=\"PicnicMargarites\" title=\"Picnic Margaritas\" loading=\"lazy\" \/><\/a><\/li><li class=\"no_grayscale\"><a itemprop=\"image\" class=\"qode-prettyphoto\" href=\"https:\/\/picnicelsavets.com\/wp-content\/uploads\/2017\/06\/Els-Avets-Picnic-Restaurant-2.jpg\" data-rel=\"prettyPhoto[rel-407-1456981129]\"><span class=\"gallery_hover\"><i class=\"fa fa-search\"><\/i><\/span><img decoding=\"async\" class=\"\" src=\"https:\/\/picnicelsavets.com\/wp-content\/uploads\/2017\/06\/Els-Avets-Picnic-Restaurant-2-480x327.jpg\" width=\"480\" height=\"327\" alt=\"Els Avets Picnic Restaurant (2)\" title=\"Els Avets Picnic Restaurant (2)\" loading=\"lazy\" \/><\/a><\/li><li class=\"no_grayscale\"><a itemprop=\"image\" class=\"qode-prettyphoto\" href=\"https:\/\/picnicelsavets.com\/wp-content\/uploads\/2017\/06\/A-1024x768.jpg\" data-rel=\"prettyPhoto[rel-407-1456981129]\"><span class=\"gallery_hover\"><i class=\"fa fa-search\"><\/i><\/span><img decoding=\"async\" class=\"\" src=\"https:\/\/picnicelsavets.com\/wp-content\/uploads\/2017\/06\/A-480x327.jpg\" width=\"480\" height=\"327\" alt=\"A\" title=\"A\" loading=\"lazy\" \/><\/a><\/li><li class=\"no_grayscale\"><a itemprop=\"image\" class=\"qode-prettyphoto\" href=\"https:\/\/picnicelsavets.com\/wp-content\/uploads\/2017\/06\/Els-Avets-Picnic-Restaurant-4.jpg\" data-rel=\"prettyPhoto[rel-407-1456981129]\"><span class=\"gallery_hover\"><i class=\"fa fa-search\"><\/i><\/span><img decoding=\"async\" class=\"\" src=\"https:\/\/picnicelsavets.com\/wp-content\/uploads\/2017\/06\/Els-Avets-Picnic-Restaurant-4-480x327.jpg\" width=\"480\" height=\"327\" alt=\"Els Avets Picnic Restaurant (4)\" title=\"Els Avets Picnic Restaurant (4)\" loading=\"lazy\" \/><\/a><\/li><li class=\"no_grayscale\"><a itemprop=\"image\" class=\"qode-prettyphoto\" href=\"https:\/\/picnicelsavets.com\/wp-content\/uploads\/2017\/06\/Els-Avets-Picnic-Restaurant-6.jpg\" data-rel=\"prettyPhoto[rel-407-1456981129]\"><span class=\"gallery_hover\"><i class=\"fa fa-search\"><\/i><\/span><img decoding=\"async\" class=\"\" src=\"https:\/\/picnicelsavets.com\/wp-content\/uploads\/2017\/06\/Els-Avets-Picnic-Restaurant-6-480x327.jpg\" width=\"480\" height=\"327\" alt=\"Els Avets Picnic Restaurant (6)\" title=\"Els Avets Picnic Restaurant (6)\" loading=\"lazy\" \/><\/a><\/li><li class=\"no_grayscale\"><a itemprop=\"image\" class=\"qode-prettyphoto\" href=\"https:\/\/picnicelsavets.com\/wp-content\/uploads\/2017\/06\/Els-Avets-Picnic-Restaurant-7.jpg\" data-rel=\"prettyPhoto[rel-407-1456981129]\"><span class=\"gallery_hover\"><i class=\"fa fa-search\"><\/i><\/span><img decoding=\"async\" class=\"\" src=\"https:\/\/picnicelsavets.com\/wp-content\/uploads\/2017\/06\/Els-Avets-Picnic-Restaurant-7-480x327.jpg\" width=\"480\" height=\"327\" alt=\"Els Avets Picnic Restaurant (7)\" title=\"Els Avets Picnic Restaurant (7)\" loading=\"lazy\" \/><\/a><\/li><li class=\"no_grayscale\"><a itemprop=\"image\" class=\"qode-prettyphoto\" href=\"https:\/\/picnicelsavets.com\/wp-content\/uploads\/2017\/06\/Els-Avets-Picnic-Restaurant-8.jpg\" data-rel=\"prettyPhoto[rel-407-1456981129]\"><span class=\"gallery_hover\"><i class=\"fa fa-search\"><\/i><\/span><img decoding=\"async\" class=\"\" src=\"https:\/\/picnicelsavets.com\/wp-content\/uploads\/2017\/06\/Els-Avets-Picnic-Restaurant-8-480x327.jpg\" width=\"480\" height=\"327\" alt=\"Els Avets Picnic Restaurant (8)\" title=\"Els Avets Picnic Restaurant (8)\" loading=\"lazy\" \/><\/a><\/li><li class=\"no_grayscale\"><a itemprop=\"image\" class=\"qode-prettyphoto\" href=\"https:\/\/picnicelsavets.com\/wp-content\/uploads\/2017\/06\/Els-Avets-Picnic-Restaurant-9.jpg\" data-rel=\"prettyPhoto[rel-407-1456981129]\"><span class=\"gallery_hover\"><i class=\"fa fa-search\"><\/i><\/span><img decoding=\"async\" class=\"\" src=\"https:\/\/picnicelsavets.com\/wp-content\/uploads\/2017\/06\/Els-Avets-Picnic-Restaurant-9-480x327.jpg\" width=\"480\" height=\"327\" alt=\"Els Avets Picnic Restaurant (9)\" title=\"Els Avets Picnic Restaurant (9)\" loading=\"lazy\" \/><\/a><\/li><li class=\"no_grayscale\"><a itemprop=\"image\" class=\"qode-prettyphoto\" href=\"https:\/\/picnicelsavets.com\/wp-content\/uploads\/2017\/06\/Els-Avets-Picnic-Restaurant-10.jpg\" data-rel=\"prettyPhoto[rel-407-1456981129]\"><span class=\"gallery_hover\"><i class=\"fa fa-search\"><\/i><\/span><img decoding=\"async\" class=\"\" src=\"https:\/\/picnicelsavets.com\/wp-content\/uploads\/2017\/06\/Els-Avets-Picnic-Restaurant-10-480x327.jpg\" width=\"480\" height=\"327\" alt=\"Els Avets Picnic Restaurant (10)\" title=\"Els Avets Picnic Restaurant (10)\" loading=\"lazy\" \/><\/a><\/li><li class=\"no_grayscale\"><a itemprop=\"image\" class=\"qode-prettyphoto\" href=\"https:\/\/picnicelsavets.com\/wp-content\/uploads\/2017\/06\/Els-Avets-Picnic-Restaurant-11.jpg\" data-rel=\"prettyPhoto[rel-407-1456981129]\"><span class=\"gallery_hover\"><i class=\"fa fa-search\"><\/i><\/span><img decoding=\"async\" class=\"\" src=\"https:\/\/picnicelsavets.com\/wp-content\/uploads\/2017\/06\/Els-Avets-Picnic-Restaurant-11-480x327.jpg\" width=\"480\" height=\"327\" alt=\"Els Avets Picnic Restaurant (11)\" title=\"Els Avets Picnic Restaurant (11)\" loading=\"lazy\" \/><\/a><\/li><li class=\"no_grayscale\"><a itemprop=\"image\" class=\"qode-prettyphoto\" href=\"https:\/\/picnicelsavets.com\/wp-content\/uploads\/2017\/06\/Els-Avets-Picnic-Restaurant-12.jpg\" data-rel=\"prettyPhoto[rel-407-1456981129]\"><span class=\"gallery_hover\"><i class=\"fa fa-search\"><\/i><\/span><img decoding=\"async\" class=\"\" src=\"https:\/\/picnicelsavets.com\/wp-content\/uploads\/2017\/06\/Els-Avets-Picnic-Restaurant-12-480x327.jpg\" width=\"480\" height=\"327\" alt=\"Els Avets Picnic Restaurant (12)\" title=\"Els Avets Picnic Restaurant (12)\" loading=\"lazy\" \/><\/a><\/li><li class=\"no_grayscale\"><a itemprop=\"image\" class=\"qode-prettyphoto\" href=\"https:\/\/picnicelsavets.com\/wp-content\/uploads\/2017\/06\/B-1024x768.jpg\" data-rel=\"prettyPhoto[rel-407-1456981129]\"><span class=\"gallery_hover\"><i class=\"fa fa-search\"><\/i><\/span><img decoding=\"async\" class=\"\" src=\"https:\/\/picnicelsavets.com\/wp-content\/uploads\/2017\/06\/B-480x327.jpg\" width=\"480\" height=\"327\" alt=\"B\" title=\"B\" loading=\"lazy\" \/><\/a><\/li><li class=\"no_grayscale\"><a itemprop=\"image\" class=\"qode-prettyphoto\" href=\"https:\/\/picnicelsavets.com\/wp-content\/uploads\/2017\/06\/IMG7-1024x768.jpg\" data-rel=\"prettyPhoto[rel-407-1456981129]\"><span class=\"gallery_hover\"><i class=\"fa fa-search\"><\/i><\/span><img decoding=\"async\" class=\"\" src=\"https:\/\/picnicelsavets.com\/wp-content\/uploads\/2017\/06\/IMG7-480x327.jpg\" width=\"480\" height=\"327\" alt=\"IMG7\" title=\"IMG7\" loading=\"lazy\" \/><\/a><\/li><li class=\"no_grayscale\"><a itemprop=\"image\" class=\"qode-prettyphoto\" href=\"https:\/\/picnicelsavets.com\/wp-content\/uploads\/2017\/06\/IMG8-829x1024.jpg\" data-rel=\"prettyPhoto[rel-407-1456981129]\"><span class=\"gallery_hover\"><i class=\"fa fa-search\"><\/i><\/span><img decoding=\"async\" class=\"\" src=\"https:\/\/picnicelsavets.com\/wp-content\/uploads\/2017\/06\/IMG8-480x327.jpg\" width=\"480\" height=\"327\" alt=\"IMG8\" title=\"IMG8\" loading=\"lazy\" \/><\/a><\/li><li class=\"no_grayscale\"><a itemprop=\"image\" class=\"qode-prettyphoto\" href=\"https:\/\/picnicelsavets.com\/wp-content\/uploads\/2017\/06\/IMG9-768x1024.jpg\" data-rel=\"prettyPhoto[rel-407-1456981129]\"><span class=\"gallery_hover\"><i class=\"fa fa-search\"><\/i><\/span><img decoding=\"async\" class=\"\" src=\"https:\/\/picnicelsavets.com\/wp-content\/uploads\/2017\/06\/IMG9-480x327.jpg\" width=\"480\" height=\"327\" alt=\"IMG9\" title=\"IMG9\" loading=\"lazy\" \/><\/a><\/li><li class=\"no_grayscale\"><a itemprop=\"image\" class=\"qode-prettyphoto\" href=\"https:\/\/picnicelsavets.com\/wp-content\/uploads\/2017\/06\/IMG10-768x1024.jpg\" data-rel=\"prettyPhoto[rel-407-1456981129]\"><span class=\"gallery_hover\"><i class=\"fa fa-search\"><\/i><\/span><img decoding=\"async\" class=\"\" src=\"https:\/\/picnicelsavets.com\/wp-content\/uploads\/2017\/06\/IMG10-480x327.jpg\" width=\"480\" height=\"327\" alt=\"IMG10\" title=\"IMG10\" loading=\"lazy\" \/><\/a><\/li><li class=\"no_grayscale\"><a itemprop=\"image\" class=\"qode-prettyphoto\" href=\"https:\/\/picnicelsavets.com\/wp-content\/uploads\/2017\/06\/IMG11-768x1024.jpg\" data-rel=\"prettyPhoto[rel-407-1456981129]\"><span class=\"gallery_hover\"><i class=\"fa fa-search\"><\/i><\/span><img decoding=\"async\" class=\"\" src=\"https:\/\/picnicelsavets.com\/wp-content\/uploads\/2017\/06\/IMG11-480x327.jpg\" width=\"480\" height=\"327\" alt=\"IMG11\" title=\"IMG11\" loading=\"lazy\" \/><\/a><\/li><li class=\"no_grayscale\"><a itemprop=\"image\" class=\"qode-prettyphoto\" href=\"https:\/\/picnicelsavets.com\/wp-content\/uploads\/2017\/06\/IMG12-768x1024.jpg\" data-rel=\"prettyPhoto[rel-407-1456981129]\"><span class=\"gallery_hover\"><i class=\"fa fa-search\"><\/i><\/span><img decoding=\"async\" class=\"\" src=\"https:\/\/picnicelsavets.com\/wp-content\/uploads\/2017\/06\/IMG12-480x327.jpg\" width=\"480\" height=\"327\" alt=\"IMG12\" title=\"IMG12\" loading=\"lazy\" \/><\/a><\/li><li class=\"no_grayscale\"><a itemprop=\"image\" class=\"qode-prettyphoto\" href=\"https:\/\/picnicelsavets.com\/wp-content\/uploads\/2017\/06\/IMG13-768x1024.jpg\" data-rel=\"prettyPhoto[rel-407-1456981129]\"><span class=\"gallery_hover\"><i class=\"fa fa-search\"><\/i><\/span><img decoding=\"async\" class=\"\" src=\"https:\/\/picnicelsavets.com\/wp-content\/uploads\/2017\/06\/IMG13-480x327.jpg\" width=\"480\" height=\"327\" alt=\"IMG13\" title=\"IMG13\" loading=\"lazy\" \/><\/a><\/li><li class=\"no_grayscale\"><a itemprop=\"image\" class=\"qode-prettyphoto\" href=\"https:\/\/picnicelsavets.com\/wp-content\/uploads\/2017\/06\/IMG14-768x1024.jpg\" data-rel=\"prettyPhoto[rel-407-1456981129]\"><span class=\"gallery_hover\"><i class=\"fa fa-search\"><\/i><\/span><img decoding=\"async\" class=\"\" src=\"https:\/\/picnicelsavets.com\/wp-content\/uploads\/2017\/06\/IMG14-480x327.jpg\" width=\"480\" height=\"327\" alt=\"IMG14\" title=\"IMG14\" loading=\"lazy\" \/><\/a><\/li><li class=\"no_grayscale\"><a itemprop=\"image\" class=\"qode-prettyphoto\" href=\"https:\/\/picnicelsavets.com\/wp-content\/uploads\/2017\/06\/IMG15-1024x632.jpg\" data-rel=\"prettyPhoto[rel-407-1456981129]\"><span class=\"gallery_hover\"><i class=\"fa fa-search\"><\/i><\/span><img decoding=\"async\" class=\"\" src=\"https:\/\/picnicelsavets.com\/wp-content\/uploads\/2017\/06\/IMG15-480x327.jpg\" width=\"480\" height=\"327\" alt=\"IMG15\" title=\"IMG15\" loading=\"lazy\" \/><\/a><\/li><li class=\"no_grayscale\"><a itemprop=\"image\" class=\"qode-prettyphoto\" href=\"https:\/\/picnicelsavets.com\/wp-content\/uploads\/2016\/02\/IMG_0759-1024x768.jpg\" data-rel=\"prettyPhoto[rel-407-1456981129]\"><span class=\"gallery_hover\"><i class=\"fa fa-search\"><\/i><\/span><img decoding=\"async\" class=\"\" src=\"https:\/\/picnicelsavets.com\/wp-content\/uploads\/2016\/02\/IMG_0759-480x327.jpg\" width=\"480\" height=\"327\" alt=\"IMG_0759\" title=\"IMG_0759\" loading=\"lazy\" \/><\/a><\/li><li class=\"no_grayscale\"><a itemprop=\"image\" class=\"qode-prettyphoto\" href=\"https:\/\/picnicelsavets.com\/wp-content\/uploads\/2016\/02\/IMG_0758-1024x768.jpg\" data-rel=\"prettyPhoto[rel-407-1456981129]\"><span class=\"gallery_hover\"><i class=\"fa fa-search\"><\/i><\/span><img decoding=\"async\" class=\"\" src=\"https:\/\/picnicelsavets.com\/wp-content\/uploads\/2016\/02\/IMG_0758-480x327.jpg\" width=\"480\" height=\"327\" alt=\"IMG_0758\" title=\"IMG_0758\" loading=\"lazy\" \/><\/a><\/li><li class=\"no_grayscale\"><a itemprop=\"image\" class=\"qode-prettyphoto\" href=\"https:\/\/picnicelsavets.com\/wp-content\/uploads\/2016\/02\/IMG_0755-1024x768.jpg\" data-rel=\"prettyPhoto[rel-407-1456981129]\"><span class=\"gallery_hover\"><i class=\"fa fa-search\"><\/i><\/span><img decoding=\"async\" class=\"\" src=\"https:\/\/picnicelsavets.com\/wp-content\/uploads\/2016\/02\/IMG_0755-480x327.jpg\" width=\"480\" height=\"327\" alt=\"IMG_0755\" title=\"IMG_0755\" loading=\"lazy\" \/><\/a><\/li><li class=\"no_grayscale\"><a itemprop=\"image\" class=\"qode-prettyphoto\" href=\"https:\/\/picnicelsavets.com\/wp-content\/uploads\/2025\/02\/IMG_0746-768x1024.jpg\" data-rel=\"prettyPhoto[rel-407-1456981129]\"><span class=\"gallery_hover\"><i class=\"fa fa-search\"><\/i><\/span><img decoding=\"async\" class=\"\" src=\"https:\/\/picnicelsavets.com\/wp-content\/uploads\/2025\/02\/IMG_0746-480x327.jpg\" width=\"480\" height=\"327\" alt=\"IMG_0746\" title=\"IMG_0746\" loading=\"lazy\" \/><\/a><\/li><\/ul><\/div><\/div><\/div><\/div><\/div><\/div><\/div><\/div><\/div>\n<\/div>","protected":false},"excerpt":{"rendered":"LA FOTOGRAFIA Una imatge val m\u00e9s que mil paraules, per\u00f2 de ben segur que una de les nostres especialitats al restaurant de Els Avets, et deixar\u00e0 sense! Deixa't portar pel nostre entorn, la nostra terra i l'oxigen pur. Si t'agrada la fotografia descobrir\u00e0s racons mai...","protected":false},"author":1,"featured_media":0,"parent":0,"menu_order":0,"comment_status":"closed","ping_status":"closed","template":"full_width.php","meta":{"footnotes":""},"class_list":["post-407","page","type-page","status-publish","hentry"],"_links":{"self":[{"href":"https:\/\/picnicelsavets.com\/en\/wp-json\/wp\/v2\/pages\/407","targetHints":{"allow":["GET"]}}],"collection":[{"href":"https:\/\/picnicelsavets.com\/en\/wp-json\/wp\/v2\/pages"}],"about":[{"href":"https:\/\/picnicelsavets.com\/en\/wp-json\/wp\/v2\/types\/page"}],"author":[{"embeddable":true,"href":"https:\/\/picnicelsavets.com\/en\/wp-json\/wp\/v2\/users\/1"}],"replies":[{"embeddable":true,"href":"https:\/\/picnicelsavets.com\/en\/wp-json\/wp\/v2\/comments?post=407"}],"version-history":[{"count":23,"href":"https:\/\/picnicelsavets.com\/en\/wp-json\/wp\/v2\/pages\/407\/revisions"}],"predecessor-version":[{"id":1222,"href":"https:\/\/picnicelsavets.com\/en\/wp-json\/wp\/v2\/pages\/407\/revisions\/1222"}],"wp:attachment":[{"href":"https:\/\/picnicelsavets.com\/en\/wp-json\/wp\/v2\/media?parent=407"}],"curies":[{"name":"wp","href":"https:\/\/api.w.org\/{rel}","templated":true}]}}